{"id":78,"date":"2017-05-15T19:26:34","date_gmt":"2017-05-15T17:26:34","guid":{"rendered":"http:\/\/cke.cz\/domains\/cke.cz\/?page_id=78"},"modified":"2017-09-13T11:15:30","modified_gmt":"2017-09-13T09:15:30","slug":"theses","status":"publish","type":"page","link":"http:\/\/cke.cz\/en_GB\/publication\/theses\/","title":{"rendered":"Theses"},"content":{"rendered":"<h2>2015<\/h2>\n<p><em><strong>Dr\u00e1bkov\u00e1 T<\/strong><\/em> (2015, in English)<br \/>\n<a href=\"http:\/\/cke.cz\/wp-content\/uploads\/2017\/08\/drabkova_mag.pdf\" target=\"_blank\" rel=\"noopener noreferrer\">Colour pattern does not play a key role in forming a mimetic complex of red-and-black insects. Experiments with na\u00efve and adult great tits<\/a><br \/>\nM.Sc. thesis (PDF)<\/p>\n<p><em><strong>Hrom\u00e1dkov\u00e1 T<\/strong><\/em> (2015)<br \/>\n<a href=\"http:\/\/cke.cz\/wp-content\/uploads\/2017\/06\/hromadkova_msc.pdf\" target=\"_blank\" rel=\"noopener noreferrer\">Incubation behavior of the arctic tern <em>Sterna paradisaea<\/em> in extreme conditions of northern tundra<br \/>\n<\/a>M.Sc. thesis (PDF)<\/p>\n<p><em><strong>N\u011bmec M<\/strong><\/em> (2015)<br \/>\n<a href=\"http:\/\/cke.cz\/wp-content\/uploads\/2017\/06\/Nemec-PhD.pdf\" target=\"_blank\" rel=\"noopener noreferrer\">Jak \u0165uh\u00fdk obecn\u00fd <em>(Lanius collurio)<\/em> rozpozn\u00e1v\u00e1 nep\u0159\u00e1tele<\/a><br \/>\nPhD thesis (PDF)<\/p>\n<hr \/>\n<h2>2014<\/h2>\n<p><em><strong>Havl\u00ed\u010dek J<\/strong><\/em> (2014)<br \/>\n<a href=\"http:\/\/cke.cz\/wp-content\/uploads\/2017\/06\/Havlicek_2013_DP.pdf\" target=\"_blank\" rel=\"noopener noreferrer\">Potravn\u00ed ekologie vrabce dom\u00e1c\u00edho v sou\u010dasn\u00e9m vesnick\u00e9m os\u00eddlen\u00ed.<\/a><br \/>\nM.Sc. thesis (PDF)<\/p>\n<p><em><strong>Pr\u016fchov\u00e1 A<\/strong><\/em> (2014)<br \/>\n<a href=\"http:\/\/cke.cz\/wp-content\/uploads\/2017\/06\/magisterka.pdf\" target=\"_blank\" rel=\"noopener noreferrer\">Song variation in the Chiffchaff Phylloscopus collybita: song parameters for individuality coding<\/a><br \/>\nM.Sc. thesis (PDF)<\/p>\n<hr \/>\n<h2>2013<\/h2>\n<p><em><strong>Ber\u00e1nkov\u00e1 J<\/strong><\/em> (2013)<br \/>\n<a href=\"http:\/\/cke.cz\/wp-content\/uploads\/2017\/05\/berankova_msc.pdf\" target=\"_blank\" rel=\"noopener noreferrer\">Effect of stimulus size in discrimination and categorization processes in birds<\/a><br \/>\nM.Sc. thesis (PDF)<\/p>\n<p><em><strong>Dr\u00e1bkov\u00e1 T<\/strong><\/em> (2013)<br \/>\n<a href=\"http:\/\/cke.cz\/wp-content\/uploads\/2017\/08\/drabkova_bak.pdf\" target=\"_blank\" rel=\"noopener noreferrer\">Reakce s\u00fdkory ko\u0148adry na v\u00fdstra\u017en\u00e9 sign\u00e1ly aposematick\u00e9ho hmyzu<\/a><br \/>\nB.Sc. thesis (PDF)<\/p>\n<p><em><strong>Hrom\u00e1dkov\u00e1 T<\/strong><\/em> (2013)<br \/>\n<a href=\"http:\/\/cke.cz\/wp-content\/uploads\/2017\/06\/hromadkova_bsc.pdf\" target=\"_blank\" rel=\"noopener noreferrer\"><span class=\"zzp-work-item-value\">Incubation behaviour of birds in polar regions<\/span><br \/>\n<\/a> B.Sc. thesis (PDF)<\/p>\n<p><em><strong>N\u011bmec M<\/strong><\/em> (2013)<br \/>\n<a href=\"http:\/\/cke.cz\/wp-content\/uploads\/2017\/06\/Nemec-RNDr.pdf\" target=\"_blank\" rel=\"noopener noreferrer\">Red-backed Shrikes <em>(Lanius collurio)<\/em> adjust the mobbing intensity, but not mobbing frequency, by assessing the potential threat to themselves from different predators<\/a> Rigorous thesis (PDF)<\/p>\n<p><em><strong>Syrov\u00e1 M<\/strong><\/em> (2013, in English) <a href=\"http:\/\/cke.cz\/wp-content\/uploads\/2017\/05\/Syrova_Mgr_2012.pdf\" target=\"_blank\" rel=\"noopener noreferrer\"><br \/>\nHow the Red-backed Shrike <em>(Lanius collurio)<\/em> solves the multiple predator conflict?<\/a><br \/>\nM.Sc. thesis (PDF)<\/p>\n<hr \/>\n<h2>2012<\/h2>\n<p><em><strong>Ba\u017eant M<\/strong><\/em> (2012)<br \/>\n<a href=\"http:\/\/cke.cz\/wp-content\/uploads\/2017\/09\/bazant_mag.pdf\" target=\"_blank\" rel=\"noopener\">The analysis of variance egg volume of Common pochard (<em>Aythya ferina<\/em>) and Tufted ducks (<em>Aythya fuligula<\/em>)<\/a><br \/>\nM.Sc. thesis (PDF)<\/p>\n<p><em><strong>Pr\u016fchov\u00e1 A<\/strong><\/em> (2012)<br \/>\n<a href=\"http:\/\/cke.cz\/wp-content\/uploads\/2017\/06\/pruchova_bak.pdf\" target=\"_blank\" rel=\"noopener noreferrer\">The importance of the colour and the spotted pattern in ladybird Harmonia axyridis warning colouration.<\/a><br \/>\nB.Sc. thesis (PDF)<\/p>\n<hr \/>\n<h2>2011<\/h2>\n<p><em><strong>Ber\u00e1nkov\u00e1, J<\/strong><\/em> (2011)<br \/>\n<a href=\"http:\/\/cke.cz\/wp-content\/uploads\/2017\/05\/Berankova_bak.pdf\" target=\"_blank\" rel=\"noopener noreferrer\">Pigeon with sparrowhawk head: friend or enemy?<br \/>\n<\/a>B.Sc. thesis (PDF)<\/p>\n<p><em><strong>Havl\u00ed\u010dek J<\/strong><\/em> (2011)<br \/>\n<a href=\"http:\/\/cke.cz\/wp-content\/uploads\/2017\/06\/Havlicek_J_2011_Priciny_ubytku_vrabce_Bc_thesis.pdf\" target=\"_blank\" rel=\"noopener noreferrer\">P\u0159\u00ed\u010diny \u00fabytku vrabce dom\u00e1c\u00edho v r\u016fzn\u00fdch typech s\u00eddel \u2013 biotop? hn\u00edzdi\u0161t\u011b? potrava?<\/a><br \/>\nB.Sc. thesis (PDF)<\/p>\n<p><em><strong>Syrov\u00e1, M<\/strong><\/em> (2011, in English)<br \/>\n<a href=\"http:\/\/cke.cz\/wp-content\/uploads\/2017\/05\/Syrova_Bc_2011.pdf\" target=\"_blank\" rel=\"noopener noreferrer\">Artificial dummies as stimuli in field mobbing experiments <\/a><br \/>\nB.Sc. thesis (PDF)<\/p>\n<hr \/>\n<h2>2010<\/h2>\n<p><em><strong>Vesel\u00fd P<\/strong><\/em> (2010)<br \/>\n<a href=\"http:\/\/cke.cz\/wp-content\/uploads\/2017\/05\/Vesely_phd.pdf\" target=\"_blank\" rel=\"noopener noreferrer\">Rozli\u0161ov\u00e1n\u00ed nevhodn\u00e9 ko\u0159isti pta\u010d\u00edmi pred\u00e1tory<\/a><br \/>\nPhD thesis (PDF)<\/p>\n<p><em><strong>Vesel\u00fd P<\/strong><\/em> (2010)<br \/>\n<a href=\"http:\/\/cke.cz\/wp-content\/uploads\/2017\/05\/Vesely_rndr.pdf\" target=\"_blank\" rel=\"noopener noreferrer\">Newly emerged Batesian mimicry protects only unfamiliar prey<\/a><br \/>\nRigorous thesis (PDF)<\/p>\n<hr \/>\n<h2>2009<\/h2>\n<p><em><strong>Ba\u017eant M<\/strong><\/em> (2009)<br \/>\n<a href=\"http:\/\/cke.cz\/wp-content\/uploads\/2017\/09\/bazant_bak.pdf\" target=\"_blank\" rel=\"noopener\">How birds judge the risk of predation during winter nourishment experiments \u2013 meaning of the movement of the model<\/a><br \/>\nB.Sc. thesis (PDF)<\/p>\n<hr \/>\n<h2>2008<\/h2>\n<p><em><strong>N\u011bmec M<\/strong><\/em> (2008)<br \/>\n<a href=\"http:\/\/cke.cz\/wp-content\/uploads\/2017\/06\/antipredacni-chovani-tuhyka-obecneho-proti-krkvacovitym_mag.pdf\" target=\"_blank\" rel=\"noopener noreferrer\">Antipreda\u010dn\u00ed chov\u00e1n\u00ed \u0165uh\u00fdka obecn\u00e9ho <em>(Lanius collurio)<\/em> v\u016f\u010di krkavcovit\u00fdm<\/a><br \/>\nM.Sc. thesis (PDF)<\/p>\n<hr \/>\n<h2>2006<\/h2>\n<p><em><strong>Vesel\u00fd P<\/strong><\/em> (2006)<br \/>\n<a href=\"http:\/\/cke.cz\/wp-content\/uploads\/2017\/05\/Vesely_mgr.pdf\" target=\"_blank\" rel=\"noopener noreferrer\"> Effect of recent food experience on warning signal efficacy in insect prey<\/a><br \/>\nM.Sc. thesis (PDF)<\/p>\n<hr \/>\n<h2>2004<\/h2>\n<p><em><strong>Vesel\u00fd P<\/strong><\/em> (2004)<br \/>\n<a href=\"http:\/\/cke.cz\/wp-content\/uploads\/2017\/05\/Vesely_bc.pdf\" target=\"_blank\" rel=\"noopener noreferrer\">Reaction of great tit <em>(Parus major)<\/em> and blue tit <em>(Parus caeruleus)<\/em> to red shieldbug <em>(Graphosoma lineatum)<\/em><\/a><br \/>\nB.Sc. thesis (PDF)<\/p>\n","protected":false},"excerpt":{"rendered":"<h2>2015<\/h2>\n<p><em><strong>Dr\u00e1bkov\u00e1 T<\/strong><\/em> (2015, in English)<br \/>\n<a href=\"http:\/\/cke.cz\/wp-content\/uploads\/2017\/08\/drabkova_mag.pdf\" target=\"_blank\" rel=\"noopener noreferrer\">Colour pattern does not play a key role in forming a mimetic complex&#8230;<\/p>\n","protected":false},"author":1,"featured_media":0,"parent":70,"menu_order":2,"comment_status":"closed","ping_status":"closed","template":"sidebar-page.php","meta":{"footnotes":""},"_links":{"self":[{"href":"http:\/\/cke.cz\/en_GB\/wp-json\/wp\/v2\/pages\/78"}],"collection":[{"href":"http:\/\/cke.cz\/en_GB\/wp-json\/wp\/v2\/pages"}],"about":[{"href":"http:\/\/cke.cz\/en_GB\/wp-json\/wp\/v2\/types\/page"}],"author":[{"embeddable":true,"href":"http:\/\/cke.cz\/en_GB\/wp-json\/wp\/v2\/users\/1"}],"replies":[{"embeddable":true,"href":"http:\/\/cke.cz\/en_GB\/wp-json\/wp\/v2\/comments?post=78"}],"version-history":[{"count":19,"href":"http:\/\/cke.cz\/en_GB\/wp-json\/wp\/v2\/pages\/78\/revisions"}],"predecessor-version":[{"id":1508,"href":"http:\/\/cke.cz\/en_GB\/wp-json\/wp\/v2\/pages\/78\/revisions\/1508"}],"up":[{"embeddable":true,"href":"http:\/\/cke.cz\/en_GB\/wp-json\/wp\/v2\/pages\/70"}],"wp:attachment":[{"href":"http:\/\/cke.cz\/en_GB\/wp-json\/wp\/v2\/media?parent=78"}],"curies":[{"name":"wp","href":"https:\/\/api.w.org\/{rel}","templated":true}]}}