{"id":74,"date":"2017-05-15T19:26:02","date_gmt":"2017-05-15T17:26:02","guid":{"rendered":"http:\/\/cke.cz\/domains\/cke.cz\/?page_id=74"},"modified":"2025-04-05T17:25:32","modified_gmt":"2025-04-05T15:25:32","slug":"scientific-papers","status":"publish","type":"page","link":"http:\/\/cke.cz\/en_GB\/publication\/scientific-papers\/","title":{"rendered":"Scientific papers"},"content":{"rendered":"<h2>2025<\/h2>\n<p style=\"padding-left: 40px;\">Fi\u0161er O, Strnadov\u00e1 I, Vesel\u00fd P, Syrov\u00e1 M, N\u011bmec M, Kami\u0161ov\u00e1 B, \u0160alom J, Fuchs R (2025)\u00a0Strange features are no better than no features: predator recognition by untrained birds.\u00a0<i>Animal Cognition<\/i>\u00a0<b>28<\/b>, 5, DOI: https:\/\/doi.org\/10.1007\/s10071-024-01924-z<\/p>\n<h2>2024<\/h2>\n<p style=\"padding-left: 40px;\">Fi\u0161er O, Vesel\u00fd P, Syrov\u00e1 M, N\u011bmec M, Kopeck\u00e1 K, Perlov\u00e1 E, Fuchs R (2024) Size sometimes matters: recognition of known predators with artificially altered body size by untrained birds. Animal Behaviour 209, 1-7, DOI: 10.1016\/j.anbehav.2023.12.017.<\/p>\n<p style=\"padding-left: 40px;\">\u0160pi\u010dka J, Vesel\u00fd P, Fuchs R (2024) Function of juvenile plumage in goshawk (Accipiter gentilis): aggressive mimicry hypothesis. Journal of Avian Biology, DOI: 10.1111\/jav.03192.<\/p>\n<p style=\"padding-left: 40px;\">Vesel\u00fd P, Nedv\u011bd O, Borovi\u010dka M, Adamovsk\u00e1 M, Pr\u016fchov\u00e1 A, Fuchs R, (2024) Responses of avian predators to polymorphic harlequin ladybird (Harmonia axyridis). Ecological Entomology, DOI: 10.1111\/een.13310.<\/p>\n<h2>2022<\/h2>\n<p style=\"padding-left: 40px;\">Krausov\u00e1, L., Vesel\u00fd, P., Syrov\u00e1, M., Antonov\u00e1, K., Fi\u0161er, O., Chlumsk\u00e1, V., P\u00e1tkov\u00e1, M., Pu\u017eej, \u0160., &amp; Fuchs, R. (2022). Red-backed shrike (Lanius collurio) versus common cuckoo (Cuculus canorus): An example of ineffective cuckoo\u2013hawk mimicry. Ecology and Evolution, 12, e9664. DOI: https:\/\/doi.org\/10.1002\/ece3.9664<\/p>\n<h2><strong>2021<\/strong><\/h2>\n<p style=\"padding-left: 40px;\">Vesel\u00fd P, Syrov\u00e1 M, Voh\u00e1\u0148kov\u00e1 M, N\u00e1carov\u00e1 J, Havl\u00ed\u010dek J, Fuchs R (2021) Cowards or clever guys: an alternative nest defence strategy employed by shrikes against magpies.<br \/>Animal Cognition, DOI : 10.1007\/s10071-021-01552-x.<\/p>\n<p style=\"padding-left: 40px;\">Sam K, Kovarova E, Freiberga I, Uthe H, Weinhold A, Jorge L R, Sreeker R (2021) Great tits (<em>Parus major<\/em>) flexibly learn that herbivore-induced plant volatiles indicate prey location: An experimental evidence with two tree species. Ecology and Evolution 11-16: 10917-10925<br \/>http:\/\/dx.doi.org\/10.1002\/ece3.7869<\/p>\n<p style=\"padding-left: 40px;\">Vesel\u00fd P, Dobrovodsk\u00fd J, Fuchs R (2021) Predation by avian predators may have initiated the evolution of myrmecomorph spiders.<br \/>Scientific Reports, DOI: 10.1038\/s41598-021-96737-2.<\/p>\n<p style=\"padding-left: 40px;\">Soukupov\u00e1 T, Vesel\u00fd P, Fuchs R (2021) Wariness to colour patterns \u2013 birds vs. European red-and-black insects.<br \/>Ecological Entomology, 46 (5): 1157-1164, DOI: 10.1111\/een.13060.<\/p>\n<p style=\"padding-left: 40px;\">Antonov\u00e1, Vesel\u00fd P, Fuchs R (2021) Untrained birds\u2019 ability to recognise predators with changed body size and colouration in a field experiment.<br \/>BMC Ecology and Evolution, 21: 21-74, DOI: 10.1186\/s12862-021-01807-8.<\/p>\n<p style=\"padding-left: 40px;\">N\u011bmec M, Sou\u010dkov\u00e1 T, Vesel\u00fd P, Fuchs R (2021) A kestrel without hooked beak and talons is not a kestrel for the red-backed shrike (Lanius collurio).<br \/>Animal Cognition, 24: 957\u2013968, DOI: 10.1007\/s10071-020-01450-8.<\/p>\n<p style=\"padding-left: 40px;\">J Havl\u00ed\u010dek, J Riegert, J Bandhauerov\u00e1, R Fuchs, M \u0160\u00e1lek (2021) Species-specific breeding habitat association of declining farmland birds within urban environments: conservation implications<br \/>Urban Ecosystems, 1-12 https:\/\/doi.org\/10.1007\/s11252-021-01111-9<\/p>\n<h2>2020<\/h2>\n<p style=\"padding-left: 40px;\">Syrov\u00e1 M, Hrom\u00e1dkov\u00e1 T, Pavel V, Vesel\u00fd P (2020) Responses of nesting Arctic terns (Sterna paradisaea) to disturbance by humans.<br \/>Polar Biology, 43(5), 399-407, DOI: 10.1007\/s00300-020-02641-2.<\/p>\n<p style=\"padding-left: 40px;\">Dav\u00eddkov\u00e1 M, Vesel\u00fd P, Syrov\u00e1 M, N\u00e1carov\u00e1 J, Bugnyar T (2020) Ravens respond to unfamiliar corvid alarms.<br \/>Journal of Ornithology, 161, 967-975, DOI: 10.1007\/s10336-020-01781-w.<\/p>\n<p style=\"padding-left: 40px;\">Nov\u00e1kov\u00e1 N, Vesel\u00fd P, Fuchs R (2020) Object categorization by wild ranging birds- nest defence.<br \/>Animal Cognition, 23:203-213, DOI: 10.1007\/s10071-019-01329-3.<\/p>\n<h2>2019<\/h2>\n<p style=\"padding-left: 40px;\">Linhart P, Osiejuk T, Budka M, \u0160\u00e1lek M, \u0160pinka M, Policht R, Syrov\u00e1 M, Blumstein DT (2019)<br \/>Measuring individual identity information in animal signals: Overview and performance of available identity metrics.<br \/>Methods in Ecology and Evolution 10(9): 1558-1570.<\/p>\n<p style=\"padding-left: 40px;\">\u0160pinka M, Syrov\u00e1 M, Policht R, Linhart P (2019)<br \/>Early vocal ontogeny in a polytocous mammal: no evidence of social learning among sibling piglets, Sus scrofa.<br \/>Animal Behaviour 151: 9-19.<\/p>\n<p style=\"padding-left: 40px;\">Aslam M, Vesel\u00fd P. Nedv\u011bd O (2019) Response of passerine birds and chicks to larvae and pupae of ladybirds.<br \/>Ecological Entomology, 44:792-799, DOI: 10.1111\/een.12756.<\/p>\n<p style=\"padding-left: 40px;\">M Ferenc, O Sedlacek, R Fuchs, M Fraissinet, D Storch (2019) Geographic trends in range sizes explain patterns in bird responses to urbanization in Europe<br \/>European Journal of Ecology 5 (2), 16-29<br \/>https:\/\/doi.org\/10.2478\/eje-2019-0010<\/p>\n<p style=\"padding-left: 40px;\">Fuchs R, Vesel\u00fd P, N\u00e1carov\u00e1 J (2019) Predator recognition in birds: The use of key features.<br \/>Springer Briefs in Animal Sciences, Springer, Cham, Switzerland, DOI: 10.1007\/978-3-030-12404-5, ISBN: 978-3-030-12402-1.<\/p>\n<h2>2018<\/h2>\n<p style=\"padding-left: 30px;\">M Ferenc, O Sedl\u00e1\u010dek, R Fuchs, D Ho\u0159\u00e1k, L Storchov\u00e1, M Fraissinet, D Storch (2018) Large-scale commonness is the best predictor of bird species presence in European cities<br \/>Urban ecosystems 21 (2), 369-377<br \/>https:\/\/doi.org\/10.1007\/s11252-017-0709-7<\/p>\n<p style=\"padding-left: 40px;\">\u0160pinka M, Syrov\u00e1 M, Policht R, Linhart P (2018)<br \/>Individual stability in vocalization rates of pre-weaning piglets.<br \/>Journal of Animal Science 96: 11-16.<\/p>\n<p style=\"padding-left: 40px;\">Ceryngier P, Nedv\u011bd O,\u00a0 Grez A A, Riddick E W, Roy H E, San Martin G, Steenberg T, Vesel\u00fd P, Zaviezo T, Z\u00faniga-Reinoso \u00c1, Haelewaters D<br \/><a href=\"http:\/\/cke.cz\/2018\/09\/02\/predators-and-parasitoids-of-the-harlequin-ladybird-harmonia-axyridis-in-its-native-range-and-invaded-areas\/\">Predators and parasitoids of the harlequin ladybird, <em>Harmonia axyridis<\/em>, in its native range and invaded areas<\/a><br \/>Biological Invasions 20 (4): 1009-1031.<\/p>\n<p style=\"padding-left: 30px;\">N\u00e1carov\u00e1 J, Vesel\u00fd P, Bugnyar T<br \/><a href=\"http:\/\/cke.cz\/cs_CZ\/2018\/09\/02\/ravens-adjust-their-antipredatory-responses-to-con-and-hetero-specific-alarms-to-the-perceived-threat\/\">Ravens adjust their antipredatory responses to con-and hetero-specific alarms to the perceived threat<\/a><br \/>Ethology 124 (8): 609-616.<\/p>\n<p style=\"padding-left: 30px;\">N\u00e1carov\u00e1 J, Vesel\u00fd P, Fuchs R<br \/><a href=\"http:\/\/cke.cz\/cs_CZ\/2018\/09\/02\/effect-of-the-exploratory-behaviour-on-a-birds-ability-to-categorize-a-predator\/\">Effect of the exploratory behaviour on a bird\u2019s ability to categorize a predator<\/a><br \/>Behavioural Processes 151: 89-95.<\/p>\n<p style=\"padding-left: 30px;\">\u0160pinka M, Syrov\u00e1 M, Policht R, Linhart P<br \/><a href=\"http:\/\/cke.cz\/cs_CZ\/2018\/09\/02\/individual-stability-in-vocalization-rates-of-preweaning-piglets\/\">Individual stability in vocalization rates of preweaning piglets<\/a><br \/>Journal of Animal Science 96 (1): 11-16.<\/p>\n<p style=\"padding-left: 30px;\">Strnadov\u00e1 I, N\u011bmec M, Strnad M, Vesel\u00fd P, Fuchs R<br \/><a href=\"http:\/\/cke.cz\/cs_CZ\/2018\/09\/02\/the-nest-defence-by-the-red-backed-shrike-lanius-collurio-support-for-the-vulnerability-hypothesis\/\">The nest defence by the red-backed shrike <em>Lanius collurio<\/em> \u2013 support for the vulnerability hypothesis<\/a><br \/>Journal of Avian Biology 49 (5):\u00a0jav-01726.<\/p>\n<h2>2017<\/h2>\n<p style=\"padding-left: 30px;\">Bene\u0161 J, Vesel\u00fd P (2017)<br \/><a href=\"http:\/\/cke.cz\/2017\/08\/07\/the-ability-of-lizards-to-identify-an-artificial-batesian-mimic\/\">The ability of lizards to identify an artificial Batesian mimic.<\/a><br \/>Zoology 123: 46-52.<\/p>\n<p style=\"padding-left: 30px;\">B\u00edl\u00e1 K, Ber\u00e1nkov\u00e1 J, Vesel\u00fd P, Bugnyar T, Schwab C (2017)<br \/><a href=\"http:\/\/cke.cz\/2017\/05\/31\/responses-of-urban-crows-to-con-and-hetero-specific-alarm-calls-in-predator-and-non-predator-zoo-enclosures\/\">Responses of urban crows to con- and hetero-specific alarm calls in predator and non-predator zoo enclosures.<\/a><br \/>Animal Cognition 20: 43-51.<\/p>\n<p style=\"padding-left: 30px;\">Nov\u00e1kov\u00e1 N, Vesel\u00fd P, Fuchs R (2017)<br \/><a href=\"http:\/\/cke.cz\/2017\/08\/21\/object-categorization-by-wild-ranging-birds-winter-feeder-experiments\/\">Object categorization by wild ranging birds \u2013 winter feeder experiments.<\/a><br \/>Behavioural Processes 143: 7-12.<\/p>\n<p style=\"padding-left: 30px;\">Pr\u016fchov\u00e1 A, Ja\u0161ka P, Linhart P (2017)<br \/><a href=\"http:\/\/cke.cz\/2017\/07\/18\/cues-to-individual-identity-in-songs-of-songbirds-testing-general-song-characteristics-in-chiffchaffs-phylloscopus-collybita\/\">Cues to individual identity in songs of songbirds: Testing general song characteristics in chiffchaffs.<\/a><br \/>Journal of Ornithology; doi:10.1007\/s10336-017-1455-6.<\/p>\n<p style=\"padding-left: 30px;\">Ptacek L, Vanek J, Eisner J, Pr\u016fchov\u00e1 A, Linhart P, Muller L, Jirotkova D (2017)<br \/><a href=\"http:\/\/cke.cz\/2017\/07\/18\/bird-adapted-filter-for-avian-species-and-individual-identification-systems-improvement\/\">Bird-Adapted Filter for Avian Species and Individual Identification Systems Improvement. Talk<\/a>.<br \/>ICAA 2017: 19th International Conference on Acoustics and Applications, Copenhagen, Denmark.\u00a0Conference paper.<\/p>\n<p style=\"padding-left: 30px;\">Syrov\u00e1 M, Policht R, Linhart P, \u0160pinka M<br \/><a href=\"http:\/\/cke.cz\/cs_CZ\/2018\/09\/02\/ontogeny-of-individual-and-litter-identity-signaling-in-grunts-of-piglets\/\">Ontogeny of individual and litter identity signaling in grunts of piglets<\/a><br \/>Journal of Acoustical Society of America 142: 3116-3121<\/p>\n<p style=\"padding-left: 30px;\">Vesel\u00fd P, Ernestov\u00e1 B, Nedv\u011bd O, Fuchs R (2017)<br \/><a href=\"http:\/\/cke.cz\/2017\/05\/31\/do-predator-energy-demands-or-previous-exposure-influence-protection-by-aposematic-coloration-of-prey\/\">Do predator energy demands or previous exposure influence protection by aposematic coloration of prey?<\/a><br \/>Current Zoology 63 (3): 259-267.<\/p>\n<hr \/>\n<h2>2016<\/h2>\n<p style=\"padding-left: 30px;\">Ferenc M, Sedlacek O, Mourkova J et al. (2016)<br \/><a href=\"http:\/\/cke.cz\/2017\/05\/31\/disentangling-the-influences-of-habitat-availability-heterogeneity-and-spatial-position-on-the-species-richness-and-rarity-of-urban-bird-communities-in-a-central-european-city\/\">Disentangling the influences of habitat availability, heterogeneity and spatial position on the species richness and rarity of urban bird communities in a central European city.<\/a><br \/>URBAN ECOSYSTEMS 19 (3): 1265-1281.<\/p>\n<p style=\"padding-left: 30px;\">Karl\u00edkov\u00e1 Z, Vesel\u00fd P, Ber\u00e1nkov\u00e1 J, Fuchs R (2016)<br \/><a href=\"http:\/\/cke.cz\/2017\/05\/31\/low-ability-of-great-tits-to-discriminate-similarly-inconspicuous-edible-and-inedible-prey\/\">Low ability of great tits to discriminate similarly inconspicuous edible and inedible prey.<\/a><br \/>Ethology 122 (2): 180-191.<\/p>\n<p style=\"padding-left: 30px;\">Syrov\u00e1 M, N\u011bmec M, Vesel\u00fd P, Landov\u00e1 E, Fuchs R (2016)<br \/><a href=\"http:\/\/cke.cz\/2017\/05\/31\/facing-a-clever-predator-demands-clever-responses-red-backed-shrikes-lanius-collurio-vs-eurasian-magpies-pica-pica\/\">Facing a Clever Predator Demands Clever Responses \u2013 Red-Backed Shrikes <em>(Lanius collurio)<\/em> vs. Eurasian Magpies <em>(Pica pica).<\/em><\/a><br \/>PloS ONE 11(7): e0159432.<\/p>\n<p style=\"padding-left: 30px;\">Turini A, Vesel\u00fd P, Fuchs R (2016)<br \/><a href=\"http:\/\/cke.cz\/2017\/05\/31\/five-species-of-passerine-bird-differ-in-their-ability-to-detect-batesian-mimics\/\"> Five species of passerine bird differ in their ability to detect Batesian mimics.<\/a><br \/>Biological Journal of The Linnean Society, 117, 832-841.<\/p>\n<p style=\"padding-left: 30px;\">Vesel\u00fd P, Bur\u0161\u00edkov\u00e1 M, Fuchs R (2016)<br \/><a href=\"http:\/\/cke.cz\/2017\/05\/31\/birds-at-the-winter-feeder-do-not-recognize-an-artificially-coloured-predator\/\"> Birds at the winter feeder do not recognize an artificially coloured predator.<\/a><br \/>Ethology 122 (12): 937-344.<\/p>\n<hr \/>\n<h2>2015<\/h2>\n<p style=\"padding-left: 30px;\">Ber\u00e1nkov\u00e1 J, Vesel\u00fd P, Fuchs R (2015)<br \/><a href=\"http:\/\/cke.cz\/2017\/05\/31\/the-role-of-body-size-in-predator-recognition-by-untrained-birds\/\"> The role of body size in predator recognition by untrained birds.<\/a><br \/>Behavioural Processes 120: 128-134.<\/p>\n<p style=\"padding-left: 30px;\">Jaska P, Linhart P, Fuchs R (2015)<br \/><a href=\"http:\/\/cke.cz\/2017\/05\/31\/neighbour-recognition-in-two-sister-songbird-species-with-a-simple-and-complex-repertoire-a-playback-study\/\">Neighbour recognition in two sister songbird species with a simple and complex repertoire \u2013 a playback study.<\/a><br \/>JOURNAL OF AVIAN BIOLOGY 46 (2): 151-158.<\/p>\n<p style=\"padding-left: 30px;\">Ku\u010dera T, Kloubcov\u00e1 P, Vesel\u00fd P (2015)<br \/><a href=\"http:\/\/cke.cz\/2017\/05\/31\/diverse-vegetation-in-a-spa-town-supports-human-social-benefits-of-urban-birds\/\"> Diverse vegetation in a spa town supports human social benefits of urban birds.<\/a> Biodiversity and Conservation 24 (13): 3329-3346.<\/p>\n<p style=\"padding-left: 30px;\">Linhart P, Fuchs R (2015)<br \/><a href=\"http:\/\/cke.cz\/2017\/05\/31\/song-pitch-indicates-body-size-and-correlates-with-males-response-to-playback-in-a-songbird\/\">Song pitch indicates body size and correlates with males\u2019 response to playback in a songbird.<\/a><br \/>ANIMAL BEHAVIOUR 103: 91-98.<\/p>\n<p style=\"padding-left: 30px;\">N\u011bmec M, Syrov\u00e1 M, Dokoupilov\u00e1 L, Vesel\u00fd P, \u0160milauer P, Landov\u00e1 E, Li\u0161kov\u00e1 S, Fuchs R (2015)<br \/><a href=\"http:\/\/cke.cz\/2017\/05\/31\/surface-texture-plays-important-role-in-predator-recognition-by-red-backed-shrikes-in-field-experiment\/\">Surface texture plays important role in predator recognition by Red-backed Shrikes in field experiment.<\/a><br \/>Animal Cognition 18(1): 259\u2013268.<\/p>\n<p style=\"padding-left: 30px;\">Salek M, Havlicek J, Riegert J, et al. (2015)<br \/><a href=\"http:\/\/cke.cz\/2017\/05\/31\/winter-density-and-habitat-preferences-of-three-declining-granivorous-farmland-birds-the-importance-of-the-keeping-of-poultry-and-dairy-farms\/\">Winter density and habitat preferences of three declining granivorous farmland birds: The importance of the keeping of poultry and dairy farms<\/a>.<br \/>JOURNAL FOR NATURE CONSERVATION 24: 10-16<\/p>\n<hr \/>\n<h2>2014<\/h2>\n<p style=\"padding-left: 30px;\">Ber\u00e1nkov\u00e1 J, Vesel\u00fd P, S\u00fdkorov\u00e1 J, Fuchs R (2014)<br \/><a href=\"http:\/\/cke.cz\/2017\/05\/31\/the-role-of-key-features-in-predator-recognition-by-untrained-birds\/\"> The role of key features in predator recognition by untrained birds.<\/a><br \/>Animal Cognition 17 (4): 963-971.<\/p>\n<p style=\"padding-left: 30px;\">Cibulkov\u00e1 A, Vesel\u00fd P, Fuchs R (2014)<br \/><a href=\"http:\/\/cke.cz\/2017\/05\/31\/importance-of-conspicuous-colours-in-warning-signals-the-great-tits-parus-major-point-of-view\/\">Importance of conspicuous colours in warning signals? The Great tit\u2019s <em>(Parus major)<\/em> point of view<\/a>.<br \/>Evolutionary Ecology 28 (3): 427-439.<\/p>\n<p style=\"padding-left: 30px;\">Ferenc M, Sedlacek O, Fuchs R (2014)<br \/><a href=\"http:\/\/cke.cz\/2017\/05\/31\/how-to-improve-urban-greenspace-for-woodland-birds-site-and-local-scale-determinants-of-bird-species-richness\/\">How to improve urban greenspace for woodland birds: site and local-scale determinants of bird species richness<\/a>.<br \/>URBAN ECOSYSTEMS 17 (2): 625-640.<\/p>\n<p style=\"padding-left: 30px;\">Ferenc M, Sedlacek O, Fuchs R, Dinetti M, Fraissinet M, Storch D (2014)<br \/><a href=\"http:\/\/cke.cz\/2017\/05\/31\/are-cities-different-patterns-of-species-richness-and-beta-diversity-of-urban-bird-communities-and-regional-species-assemblages-in-europe\/\">Are cities different? Patterns of species richness and beta diversity of urban bird communities and regional species assemblages in Europe.<\/a><br \/>GLOBAL ECOLOGY AND BIOGEOGRAPHY 23 (4): 479-489.<\/p>\n<p style=\"padding-left: 30px;\">N\u011bmec M, Fuchs R (2014)<br \/><a href=\"http:\/\/cke.cz\/2017\/05\/31\/nest-defense-of-the-red-backed-shrike-lanius-collurio-against-five-corvid-species\/\"> Nest defense of the red-backed shrike <em>Lanius collurio<\/em> against five corvid species.<\/a> ACTA ETHOLOGICA 17 (3): 149-154.<\/p>\n<p style=\"padding-left: 30px;\">Pr\u016fchov\u00e1 A, Nedv\u011bd O, Vesel\u00fd P, Ernestov\u00e1 B, Fuchs R (2014)<br \/><a href=\"http:\/\/cke.cz\/2017\/05\/31\/visual-warning-signals-of-the-ladybird-harmonia-axyridis-the-avian-predators-point-of-view\/\">Visual warning signals of the ladybird <em>Harmonia axyridis:<\/em> the avian predators\u2019 point of view.<\/a><br \/>Entomologia Experimentalis et Applicata 151 (2): 128-134.<\/p>\n<hr \/>\n<h2>2013<\/h2>\n<p style=\"padding-left: 30px;\">Tesa\u0159ov\u00e1 M, Fric Z, Vesel\u00fd P, Konvi\u010dka M, Fuchs R (2013)<br \/><a href=\"http:\/\/cke.cz\/2017\/05\/31\/european-checkerspots-melitaeini-lepidoptera-nymphalidae-are-not-aposematic-the-point-of-view-of-great-tits-parus-major\/\">European checkerspots (Melitaeini: Lepidoptera, Nymphalidae) are not aposematic \u2013 the point of view of great tits <em>(Parus major).<\/em><\/a><br \/>Ecological Entomology 38 (2): 155-163.<\/p>\n<p style=\"padding-left: 30px;\">Vesel\u00fd P, Luhanov\u00e1 D, Pr\u00e1\u0161kov\u00e1 M, Fuchs R (2013)<br \/><a href=\"http:\/\/cke.cz\/2017\/05\/31\/generalization-of-mimics-imperfect-in-colour-patterns-the-point-of-view-of-wild-avian-predators\/\">Generalization of mimics imperfect in colour patterns: the point of view of wild avian predators.<\/a><br \/>Ethology 119: 138-145.<\/p>\n<p style=\"padding-left: 30px;\">Vesel\u00fd P, Vesel\u00e1 S, Fuchs R (2013)<br \/><a href=\"http:\/\/cke.cz\/2017\/05\/31\/the-responses-of-central-european-avian-predators-to-an-allopatric-aposematic-true-bug\/\">The responses of Central European avian predators to an allopatric aposematic true bug.<\/a><br \/>Ethology Ecology &amp; Evolution 25 (3): 275-288.<\/p>\n<hr \/>\n<h2>2012<\/h2>\n<p style=\"padding-left: 30px;\">Strnad M, N\u011bmec M, Vesel\u00fd P, Fuchs R (2012)<br \/><a href=\"http:\/\/cke.cz\/2017\/05\/31\/red-backed-shrikes-lanius-collurio-adjust-the-mobbing-intensity-but-not-mobbing-frequency-by-assessing-the-potential-threat-to-themselves-from-different-predators\/\">Red-backed Shrikes <em>(Lanius collurio)<\/em> adjust the mobbing intensity, but not mobbing frequency, by assessing the potential threat to themselves from different predators.<\/a><br \/>Ornis Fennica 89 (3): 206\u2013215.<\/p>\n<hr \/>\n<h2>2010<\/h2>\n<p style=\"padding-left: 30px;\">Prokopov\u00e1 M, Vesel\u00fd P, Fuchs R, Zrzav\u00fd J (2010)<br \/><a href=\"http:\/\/cke.cz\/2017\/06\/01\/the-role-of-size-and-colour-pattern-in-protection-of-developmental-stages-of-the-red-firebug-pyrrhocoris-apterus-against-avian-predators\/\">The role of size and colour pattern in protection of developmental stages of the red firebug <em>(Pyrrhocoris apterus)<\/em> against avian predators.<\/a><br \/>Biological Journal of The Linnean Society 100: 890\u2013898.<\/p>\n<hr \/>\n<h2>2009<\/h2>\n<p style=\"padding-left: 30px;\">Dolensk\u00e1 M, Nedv\u011bd O, Vesel\u00fd P, Tesa\u0159ov\u00e1 M, Fuchs R (2009)<br \/><a href=\"http:\/\/cke.cz\/2017\/06\/01\/what-constitutes-optical-warning-signals-of-ladybirds-coleoptera-coccinellidae-towards-bird-predators-colour-pattern-or-general-look\/\">What constitutes optical warning signals of ladybirds (Coleoptera: Coccinellidae) towards bird predators: colour, pattern or general look?<\/a><br \/>Biological Journal of The Linnean Society 98 (1): 234-242.<\/p>\n<p style=\"padding-left: 30px;\">N\u011bmec M, Bu\u0161ek O, L\u00edpa M (2009)<br \/><a href=\"http:\/\/cke.cz\/2017\/07\/18\/corn-crake-crex-crex-in-kraslice-district-and-in-karlovy-vary-region-in-2005-2009\/\">Ch\u0159\u00e1stal poln\u00ed <em>(Crex crex)<\/em> na kraslicku a v karlovarsk\u00e9m kraji v letech 2005\u20132009. <\/a>P\u0159\u00edroda Kraslicka 2: 157\u2013170<\/p>\n<p style=\"padding-left: 30px;\">Vesel\u00fd P, Fuchs R (2009)<br \/><a href=\"http:\/\/cke.cz\/2017\/06\/01\/newly-emerged-batesian-mimicry-protects-only-unfamiliar-prey\/\"> Newly emerged Batesian mimicry protects only unfamiliar prey.<\/a><br \/>Evolutionary Ecology 23 (6): 919-929.<\/p>\n<hr \/>\n<h2>2006<\/h2>\n<p style=\"padding-left: 30px;\">Vesel\u00fd P, Vesel\u00e1 S, Fuchs R, Zrzav\u00fd J (2006)<br \/><a href=\"http:\/\/cke.cz\/2017\/06\/01\/are-gregarious-red-black-shieldbugs-graphosoma-lineatum-hemiptera-pentatomidae-really-aposematic-an-experimental-approach\/\">Are gregarious red-black shieldbugs, <em>Graphosoma lineatum<\/em> (Hemiptera: Pentatomidae), really aposematic? An experimental approach.<\/a><br \/>Evolutionary Ecology Research 8: 881\u2013890.<\/p>\n","protected":false},"excerpt":{"rendered":"<h2>2025<\/h2>\n<p style=\"padding-left: 40px;\">Fi\u0161er O, Strnadov\u00e1 I, Vesel\u00fd P, Syrov\u00e1 M, N\u011bmec M, Kami\u0161ov\u00e1 B, \u0160alom J, Fuchs R (2025)\u00a0Strange features are no better than no features: predator recognition by untrained birds.\u00a0<i>Animal Cognition<\/i>\u00a0<b>28&#8230;<\/p>\n","protected":false},"author":1,"featured_media":0,"parent":70,"menu_order":1,"comment_status":"closed","ping_status":"closed","template":"sidebar-page.php","meta":{"footnotes":""},"_links":{"self":[{"href":"http:\/\/cke.cz\/en_GB\/wp-json\/wp\/v2\/pages\/74"}],"collection":[{"href":"http:\/\/cke.cz\/en_GB\/wp-json\/wp\/v2\/pages"}],"about":[{"href":"http:\/\/cke.cz\/en_GB\/wp-json\/wp\/v2\/types\/page"}],"author":[{"embeddable":true,"href":"http:\/\/cke.cz\/en_GB\/wp-json\/wp\/v2\/users\/1"}],"replies":[{"embeddable":true,"href":"http:\/\/cke.cz\/en_GB\/wp-json\/wp\/v2\/comments?post=74"}],"version-history":[{"count":83,"href":"http:\/\/cke.cz\/en_GB\/wp-json\/wp\/v2\/pages\/74\/revisions"}],"predecessor-version":[{"id":3044,"href":"http:\/\/cke.cz\/en_GB\/wp-json\/wp\/v2\/pages\/74\/revisions\/3044"}],"up":[{"embeddable":true,"href":"http:\/\/cke.cz\/en_GB\/wp-json\/wp\/v2\/pages\/70"}],"wp:attachment":[{"href":"http:\/\/cke.cz\/en_GB\/wp-json\/wp\/v2\/media?parent=74"}],"curies":[{"name":"wp","href":"https:\/\/api.w.org\/{rel}","templated":true}]}}