{"id":65,"date":"2017-05-15T19:19:57","date_gmt":"2017-05-15T17:19:57","guid":{"rendered":"http:\/\/cke.cz\/domains\/cke.cz\/?page_id=65"},"modified":"2017-06-01T12:27:07","modified_gmt":"2017-06-01T10:27:07","slug":"home","status":"publish","type":"page","link":"http:\/\/cke.cz\/en_GB\/","title":{"rendered":"Home"},"content":{"rendered":"<p style=\"text-align: center;\"><img loading=\"lazy\" decoding=\"async\" class=\"wp-image-909 alignleft\" src=\"http:\/\/cke.cz\/wp-content\/uploads\/2017\/06\/logo-CCE-2D.png\" alt=\"Logo CKE\" width=\"72\" height=\"76\" \/><img loading=\"lazy\" decoding=\"async\" class=\" wp-image-902 alignright\" src=\"http:\/\/cke.cz\/wp-content\/uploads\/2017\/06\/katedra_zelen\u00e9-300x144.png\" alt=\"Katedra zoologie P\u0159F JU\" width=\"143\" height=\"73\" \/>We are a group of researchers and students from Faculty of Science, University of South Bohemia, located in \u010cesk\u00e9 Bud\u011bjovice, Czech Republic. We generally examine the prey-predator interactions uncovering the process of recognition and categorization of such categories.<\/p>\n","protected":false},"excerpt":{"rendered":"<p style=\"text-align: center;\"><img loading=\"lazy\" decoding=\"async\" class=\"wp-image-909 alignleft\" src=\"http:\/\/cke.cz\/wp-content\/uploads\/2017\/06\/logo-CCE-2D.png\" alt=\"Logo CKE\" width=\"72\" height=\"76\" \/><img decoding=\"async\" class=\" wp-image-902 alignright\" src=\"http:\/\/cke.cz\/wp-content\/uploads\/2017...\n<\/p>\n","protected":false},"author":1,"featured_media":0,"parent":0,"menu_order":1,"comment_status":"closed","ping_status":"closed","template":"showcase.php","meta":{"footnotes":""},"_links":{"self":[{"href":"http:\/\/cke.cz\/en_GB\/wp-json\/wp\/v2\/pages\/65"}],"collection":[{"href":"http:\/\/cke.cz\/en_GB\/wp-json\/wp\/v2\/pages"}],"about":[{"href":"http:\/\/cke.cz\/en_GB\/wp-json\/wp\/v2\/types\/page"}],"author":[{"embeddable":true,"href":"http:\/\/cke.cz\/en_GB\/wp-json\/wp\/v2\/users\/1"}],"replies":[{"embeddable":true,"href":"http:\/\/cke.cz\/en_GB\/wp-json\/wp\/v2\/comments?post=65"}],"version-history":[{"count":18,"href":"http:\/\/cke.cz\/en_GB\/wp-json\/wp\/v2\/pages\/65\/revisions"}],"predecessor-version":[{"id":917,"href":"http:\/\/cke.cz\/en_GB\/wp-json\/wp\/v2\/pages\/65\/revisions\/917"}],"wp:attachment":[{"href":"http:\/\/cke.cz\/en_GB\/wp-json\/wp\/v2\/media?parent=65"}],"curies":[{"name":"wp","href":"https:\/\/api.w.org\/{rel}","templated":true}]}}