{"id":34,"date":"2017-05-15T19:01:59","date_gmt":"2017-05-15T17:01:59","guid":{"rendered":"http:\/\/cke.cz\/domains\/cke.cz\/?page_id=34"},"modified":"2025-04-11T13:18:47","modified_gmt":"2025-04-11T11:18:47","slug":"staff","status":"publish","type":"page","link":"http:\/\/cke.cz\/en_GB\/staff\/","title":{"rendered":"Staff"},"content":{"rendered":"<h3>Head<\/h3>\n<p><a href=\"http:\/\/cke.cz\/2017\/05\/30\/roman-fuchs\/\">Roman Fuchs<\/a><br \/>\n<a href=\"http:\/\/cke.cz\/2017\/05\/30\/petr-vesely\/\">Petr Vesel\u00fd<\/a><\/p>\n<hr \/>\n<h3>Postdoc<\/h3>\n<p><a href=\"http:\/\/cke.cz\/2021\/01\/18\/pavel-linhart\/\">Pavel Linhart<\/a><br \/>\n<a href=\"http:\/\/cke.cz\/2017\/05\/30\/michaela-syrova\/\">Michaela Syrov\u00e1<\/a><\/p>\n<hr \/>\n<h3>PhD students<\/h3>\n<p><a href=\"http:\/\/cke.cz\/2021\/11\/12\/irena-strnadova\/\">Irena Strnadov\u00e1<\/a><br \/>\n<a href=\"http:\/\/cke.cz\/2020\/01\/08\/katerina-antonova\/\">Kate\u0159ina Antonov\u00e1<\/a><br \/>\n<a href=\"http:\/\/cke.cz\/2020\/01\/08\/ondrej-fiser\/\">Ond\u0159ej Fi\u0161er<\/a><br \/>\n<a href=\"http:\/\/cke.cz\/2022\/02\/04\/alena-fiserova\/\">Alena Fi\u0161erov\u00e1<\/a><br \/>\n<a href=\"http:\/\/cke.cz\/2020\/01\/08\/jan-spicka\/\">Jan \u0160pi\u010dka<\/a><br \/>\n<a href=\"http:\/\/cke.cz\/2023\/12\/06\/malavika-madhavan\/\">Malavika Madhavan<\/a><br \/>\n<a href=\"http:\/\/cke.cz\/2020\/02\/25\/2166\/\">Ladislava Krausov\u00e1<\/a><br \/>\n<a href=\"https:\/\/cke.cz\/2025\/04\/05\/tereza-sommerova\/\">Tereza Sommerov\u00e1<\/a><br \/>\n<a href=\"https:\/\/cke.cz\/2023\/02\/25\/2921\/\">V\u00e1clav Helebrant<\/a><br \/>\n<a href=\"https:\/\/cke.cz\/2025\/04\/05\/ilaria-morandi\/\">Ilaria Morandi<\/a><\/p>\n<hr \/>\n<h3>MASTER STUDENTS<\/h3>\n<p><a href=\"https:\/\/cke.cz\/2023\/04\/29\/ondrej-jansa\/\">Ond\u0159ej Jansa<\/a><br \/>\n<a href=\"http:\/\/cke.cz\/2021\/12\/09\/eliska-kovarova\/\">Eli\u0161ka Kov\u00e1\u0159ov\u00e1<\/a><br \/>\n<a href=\"https:\/\/cke.cz\/2025\/04\/05\/barbora-voldanova\/\">Barbora Vold\u00e1nov\u00e1<\/a><br \/>\n<a href=\"https:\/\/cke.cz\/2024\/03\/28\/jan-capek\/\">Jan \u010capek<\/a><br \/>\n<a href=\"https:\/\/cke.cz\/2024\/03\/28\/matej-maca\/\">Mat\u011bj M\u00e1ca<\/a><br \/>\n<a href=\"https:\/\/cke.cz\/2023\/02\/25\/2927\/\">Johanka Bl\u00e1hov\u00e1<\/a><\/p>\n<hr \/>\n<h3>undergraduates<\/h3>\n<p><a href=\"https:\/\/cke.cz\/2025\/04\/05\/milan-jaros\/\">Milan Jaro\u0161<\/a><br \/>\nJaroslav Ba\u010de<br \/>\n<a href=\"https:\/\/cke.cz\/2025\/04\/05\/veronika-bohacova\/\">Veronika Boh\u00e1\u010dov\u00e1<\/a><br \/>\n<a href=\"https:\/\/cke.cz\/2025\/04\/05\/cara-marie-denney\/\">Cara-Marie Denney<\/a><br \/>\nKate\u0159ina Konvalinov\u00e1<br \/>\n<a href=\"https:\/\/cke.cz\/2024\/03\/28\/daniela-svojanovska\/\">Daniela Svojanovsk\u00e1<\/a><br \/>\n<a href=\"https:\/\/cke.cz\/2025\/03\/25\/3034\/\">Maty\u00e1\u0161 Havelka<\/a><\/p>\n<hr \/>\n<h3><a href=\"http:\/\/cke.cz\/2020\/02\/16\/science-far-projects\/\">SO\u010c &#8211; Science for projects<\/a><\/h3>\n<hr \/>\n<h3>Alumni<\/h3>\n<p>Eli\u0161ka Malcov\u00e1<br \/>\n<a href=\"http:\/\/cke.cz\/2017\/06\/01\/terka-hromadkova\/\">Tereza Hrom\u00e1dkov\u00e1<\/a><br \/>\n<a href=\"http:\/\/cke.cz\/2017\/05\/31\/sasa-pruchova\/\">Alexandra Pr\u016fchov\u00e1<\/a><br \/>\n<a href=\"http:\/\/cke.cz\/2020\/01\/08\/lucie-hornatova\/\">Lucie Horn\u00e1tov\u00e1<\/a><br \/>\n<a href=\"http:\/\/cke.cz\/en_GB\/2018\/02\/28\/marika-davidkova\/\">Marika Dav\u00eddkov\u00e1<\/a><br \/>\nMartin Borovi\u010dka<br \/>\n<a href=\"http:\/\/cke.cz\/2020\/01\/08\/tomas-minarik\/\">Tom\u00e1\u0161 Mina\u0159\u00edk<\/a><br \/>\n<a href=\"http:\/\/cke.cz\/2020\/03\/05\/monica-romero\/\">Monica Romero<\/a><br \/>\nMark\u00e9ta Adamov\u00e1<br \/>\n<a href=\"http:\/\/cke.cz\/2020\/01\/08\/alzbeta-truhlarova\/\">Al\u017eb\u011bta Truhl\u00e1\u0159ov\u00e1<\/a><br \/>\n<a href=\"http:\/\/cke.cz\/2017\/05\/31\/michal-majkl-nemec\/\">Michal Majkl N\u011bmec<\/a><br \/>\n<a href=\"http:\/\/cke.cz\/2017\/09\/13\/miroslav-bazant\/\">Miroslav Ba\u017eant<\/a> &#8211; <em>\u010cesk\u00e1 spole\u010dnost ornitologick\u00e1<\/em><br \/>\n<a href=\"http:\/\/cke.cz\/2017\/08\/09\/josef-benes\/\">Josef Bene\u0161<\/a> &#8211; <em>St\u0159edn\u00ed \u0161kola zahradnick\u00e1 a technick\u00e1, Litomy\u0161l<br \/>\n<\/em><a href=\"http:\/\/cke.cz\/2017\/05\/31\/tereza-drabkova\/\">Tereza Dr\u00e1bkov\u00e1<\/a><br \/>\nKate\u0159ina B\u00edl\u00e1 &#8211; <em>Zoo Ohrada, Hlubok\u00e1 nad Vltavou<\/em><br \/>\nPetra Divi\u0161ov\u00e1 (Tumov\u00e1) &#8211; <em>Camgrain, London, zem\u011bd\u011blsk\u00e9 poradenstv\u00ed<\/em><br \/>\n<a href=\"http:\/\/cke.cz\/2017\/05\/31\/honza-havlicek\/\">Jan Havl\u00ed\u010dek<\/a> &#8211; <em>Zem\u011bd\u011blsk\u00e1 fakulta, jiho\u010desk\u00e1 univerzita<\/em><br \/>\nPavel Ja\u0161ka &#8211; <em>CHKO Slavkovsk\u00fd les<\/em><br \/>\nMichaela J\u00edzbov\u00e1 (Dolensk\u00e1) &#8211; <em>Pedagogick\u00e1 fakulta, Z\u00e1pado\u010desk\u00e1 univerzita<\/em><br \/>\nZuzana Karl\u00edkov\u00e1 &#8211; <em>\u010cesk\u00e1 spole\u010dnost ornitologick\u00e1<\/em><br \/>\nJi\u0159\u00ed Kout &#8211; <em>Pedagogick\u00e1 fakulta, Z\u00e1pado\u010desk\u00e1 univerzita<\/em><br \/>\nTereza Ku\u010derov\u00e1 (Sou\u010dkov\u00e1) &#8211; <em>Ekocentrum Koniklec<\/em><br \/>\nLucie Marhounov\u00e1 &#8211; <em>P\u0159\u00edrodov\u011bdeck\u00e1 fakulta, Univerzita Karlova<\/em><br \/>\n<a href=\"http:\/\/cke.cz\/2018\/02\/28\/tomas-mejda\/\">Tom\u00e1\u0161 Mejda<\/a> &#8211; <em>Zoo Ohrada, Hlubok\u00e1 nad Vltavou<\/em><br \/>\nAnna Mr\u00e1zov\u00e1 (Humlov\u00e1) &#8211; <em>Biologick\u00e9 centrum Akademie v\u011bd \u010cR<\/em><br \/>\nDavid N\u00e1car &#8211; <em>\u010cesk\u00e1 inspekce \u017eivotn\u00edho prost\u0159ed\u00ed<\/em><br \/>\n<a href=\"http:\/\/cke.cz\/2017\/05\/30\/jaja-nacarova\/\">Jana N\u00e1carov\u00e1<\/a> (Ber\u00e1nkov\u00e1) &#8211; <em>i2L Research Europe &#8211; aplikovan\u00fd v\u00fdzkum<\/em><br \/>\n<a href=\"http:\/\/cke.cz\/2017\/08\/21\/nela-novakova\/\">Nela Nov\u00e1kov\u00e1<\/a> &#8211; <em>P\u0159\u00edrodov\u011bdeck\u00e1 fakulta, Jiho\u010desk\u00e1 univerzita<\/em><br \/>\nSimona Pol\u00e1kov\u00e1 &#8211; <em>Ministerstvo \u017eivotn\u00edho prost\u0159ed\u00ed<\/em><br \/>\nMilena Prokopov\u00e1 &#8211; <em>CHKO \u010cesk\u00fd les<\/em><br \/>\nJan Rozsypal &#8211; <em>P\u0159\u00edrodov\u011bdeck\u00e1 fakulta, Jiho\u010desk\u00e1 univerzita<\/em><br \/>\nKate\u0159ina Sam (Tvard\u00edkov\u00e1) &#8211; <em>Biologick\u00e9 centrum Akademie v\u011bd \u010cR<\/em><br \/>\nMartin Strnad &#8211; <em>Agentura ochrany p\u0159\u00edrody a krajiny<\/em><br \/>\nMonika Tesa\u0159ov\u00e1 &#8211; <em>Zoo Ohrada, Hlubok\u00e1 nad Vltavou<\/em><\/p>\n","protected":false},"excerpt":{"rendered":"<h3>Head<\/h3>\n<p><a href=\"http:\/\/cke.cz\/2017\/05\/30\/roman-fuchs\/\">Roman Fuchs<\/a><br \/>\n<a href=\"http:\/\/cke.cz\/2017\/05\/30\/petr-vesely\/\">Petr Vesel\u00fd<\/a><\/p>\n<hr \/>\n<h3>Postdoc<\/h3>\n<p><a href=\"http:\/\/cke.cz\/2021\/01\/18\/pavel-linhart\/\">Pavel Linhart<\/a><br \/>\n<a hre...\n<\/p>\n","protected":false},"author":1,"featured_media":0,"parent":0,"menu_order":3,"comment_status":"closed","ping_status":"closed","template":"sidebar-page.php","meta":{"footnotes":""},"_links":{"self":[{"href":"http:\/\/cke.cz\/en_GB\/wp-json\/wp\/v2\/pages\/34"}],"collection":[{"href":"http:\/\/cke.cz\/en_GB\/wp-json\/wp\/v2\/pages"}],"about":[{"href":"http:\/\/cke.cz\/en_GB\/wp-json\/wp\/v2\/types\/page"}],"author":[{"embeddable":true,"href":"http:\/\/cke.cz\/en_GB\/wp-json\/wp\/v2\/users\/1"}],"replies":[{"embeddable":true,"href":"http:\/\/cke.cz\/en_GB\/wp-json\/wp\/v2\/comments?post=34"}],"version-history":[{"count":188,"href":"http:\/\/cke.cz\/en_GB\/wp-json\/wp\/v2\/pages\/34\/revisions"}],"predecessor-version":[{"id":3099,"href":"http:\/\/cke.cz\/en_GB\/wp-json\/wp\/v2\/pages\/34\/revisions\/3099"}],"wp:attachment":[{"href":"http:\/\/cke.cz\/en_GB\/wp-json\/wp\/v2\/media?parent=34"}],"curies":[{"name":"wp","href":"https:\/\/api.w.org\/{rel}","templated":true}]}}