{"id":1288,"date":"2017-08-07T10:39:58","date_gmt":"2017-08-07T08:39:58","guid":{"rendered":"http:\/\/cke.cz\/?page_id=1288"},"modified":"2020-11-10T13:51:05","modified_gmt":"2020-11-10T12:51:05","slug":"national-conferences","status":"publish","type":"page","link":"http:\/\/cke.cz\/en_GB\/publication\/conference\/national-conferences\/","title":{"rendered":"National conferences"},"content":{"rendered":"<h2>The 47th conference of the Czech and Slovak Ethological Society, on-line, October 2020<\/h2>\n<ul>\n<li>Linhart P., Linhart J. (2020):\u00a0<a href=\"http:\/\/cke.cz\/wp-content\/uploads\/2020\/11\/Sbornik_47_konference_CSEtS.pdf\">Pexeso jako n\u00e1stroj studia percepce sign\u00e1l\u016f individu\u00e1ln\u00ed identity \u017eivo\u010dich\u016f<\/a> (<a href=\"http:\/\/cke.cz\/wp-content\/uploads\/2020\/11\/Pexeso-jako-n\u00e1stroj-studia-percepce-sign\u00e1l\u016f-individu\u00e1ln\u00ed-identity.pdf\">poster<\/a>)<\/li>\n<li>\u0160pi\u010dka J., Hrom\u00e1dkov\u00e1 T., Syrov\u00e1 M., Flousek J., Vesel\u00fd P. (2020):\u00a0<a href=\"http:\/\/cke.cz\/wp-content\/uploads\/2020\/11\/Sbornik_47_konference_CSEtS.pdf\">Predator recognition during nest defence by Arctic tern (<em>Sterna paradisaea<\/em>)<\/a> (<a href=\"http:\/\/cke.cz\/wp-content\/uploads\/2020\/11\/Predator-recognition-during-nest-defence-by-Arctic-tern.pdf\">poster<\/a>)<\/li>\n<li>Antonov\u00e1 K., Fuchs R., Vesel\u00fd P. (2020):\u00a0<a href=\"http:\/\/cke.cz\/wp-content\/uploads\/2020\/11\/Sbornik_47_konference_CSEtS.pdf\">Holistick\u00e9 vn\u00edm\u00e1n\u00ed pred\u00e1tor\u016f u pt\u00e1k\u016f na p\u0159\u00edkladu s\u00fdkory ko\u0148adry (<em>Parus major<\/em>) a krahujce obecn\u00e9ho (<em>Accipiter nisus<\/em>), prelimin\u00e1rn\u00ed v\u00fdsledky<\/a> (<a href=\"http:\/\/cke.cz\/wp-content\/uploads\/2020\/11\/1-S-Antonov\u00e1_Holistick\u00e9-vn\u00edm\u00e1n\u00ed-pred\u00e1tor\u016f-u-pt\u00e1k\u016f.mp4\">posetr<\/a>)<\/li>\n<li>Horn\u00e1tov\u00e1 L., Pr\u016fchov\u00e1 A. (2020):\u00a0<a href=\"http:\/\/cke.cz\/wp-content\/uploads\/2020\/11\/Sbornik_47_konference_CSEtS_16-16.pdf\">Individu\u00e1ln\u00ed variabilita vokalizace kalouse u\u0161at\u00e9ho (<em>Asio otus<\/em>)<\/a> (oral presentattion)<\/li>\n<li>\u0160pi\u010dka J., Vesel\u00fd P., Fuchs R. (2020):\u00a0<a href=\"http:\/\/cke.cz\/wp-content\/uploads\/2020\/11\/Sbornik_47_konference_CSEtS_24-24.pdf\">Jak straka obecn\u00e1 (<em>Pica pica<\/em>) rozpozn\u00e1v\u00e1 sv\u00e9 nep\u0159\u00e1tele?<\/a> (oral presentation)<\/li>\n<li>Fi\u0161er O., Syrov\u00e1 M., Antonov\u00e1 K., Jordov\u00e1 A., Vesel\u00fd P., Fuchs R. (2020):\u00a0<a href=\"http:\/\/cke.cz\/wp-content\/uploads\/2020\/11\/Sbornik_47_konference_CSEtS.pdf\">V\u00fdznam obli\u010deje pro rozpozn\u00e1v\u00e1n\u00ed pred\u00e1tor\u016f netr\u00e9novan\u00fdmi pt\u00e1ky<\/a> (<a href=\"http:\/\/cke.cz\/wp-content\/uploads\/2020\/11\/V\u00fdznam-obli\u010deje-pro-rozpozn\u00e1v\u00e1n\u00ed-2020-p\u0159edb\u011b\u017en\u00e9-v\u00fdsledky.pdf\">poster<\/a>)<\/li>\n<li>Krausov\u00e1 L., Chlumsk\u00e1 V., P\u00e1tkov\u00e1 M., Pu\u017eej \u0160., Syrov\u00e1 M., Vesel\u00fd P., Fuchs R. (2020): <a href=\"http:\/\/cke.cz\/wp-content\/uploads\/2020\/11\/Sbornik_47_konference_CSEtS.pdf\">Reakce \u0165uh\u00fdka obecn\u00e9ho (<em>Lanius collurio<\/em>) na kuka\u010dku obecnou (<em>Cuculus canorus<\/em>)<\/a> (<a href=\"http:\/\/cke.cz\/wp-content\/uploads\/2020\/11\/9-S-Ladislava-Krausov\u00e1-Reakce-\u0165uh\u00fdka-obecn\u00e9ho-na-kuka\u010dku-obecnou.mp4\">poster<\/a>)<\/li>\n<\/ul>\n<h2>Zoologick\u00e9 Dny 2016, \u010cesk\u00e9 Bud\u011bjovice, \u00fanor 2016.<\/h2>\n<ul>\n<li>Vesel\u00fd P., Ernestov\u00e1 B., Nedv\u011bd O., Fuchs R. (2016): <a href=\"http:\/\/cke.cz\/wp-content\/uploads\/2017\/konference\/vesely-prednaska-ZooDny-2016.pdf\" target=\"_blank\" rel=\"noopener noreferrer\">Aposematismus naruby: vrabci se v p\u0159\u00edrod\u011b u\u010d\u00ed \u017er\u00e1t toxickou ko\u0159ist. (oral presentation)<\/a><\/li>\n<li>B\u00edl\u00e1 K., Vesel\u00fd P., Ber\u00e1nkov\u00e1 J., Bugnyar T., Pr\u016fchov\u00e1 A., Schwab Ch. (2016): Crows (<em>Corvus corone<\/em>) respond to heterospecific alarm signals independent of perceived predation risk. (poster)<\/li>\n<li>Buchalov\u00e1 M., Vesel\u00fd P., Fuchs R. (2016): <a href=\"http:\/\/cke.cz\/wp-content\/uploads\/2017\/konference\/2015-buchalova-etspol.pdf\" target=\"_blank\" rel=\"noopener noreferrer\">Anal\u00fdza varovn\u00fdch hlas\u016f s\u00fdkory ko\u0148adry (Parus major). (poster)<\/a><\/li>\n<li>Bur\u0161\u00edkov\u00e1 M., Vesel\u00fd P., Fuchs R. (2016): Antipreda\u010dn\u00ed chov\u00e1n\u00ed p\u011bnice vla\u0161sk\u00e9 (<em>Sylvia nisoria<\/em>). (poster)<\/li>\n<li>Dr\u00e1bkov\u00e1 T., Vesel\u00fd P., Fuchs R. (2016): <a href=\"http:\/\/www.cke.cz\/wp-content\/uploads\/2017\/konference\/2016-drabkova-zoodny.pdf\" target=\"_blank\" rel=\"noopener noreferrer\">Vrozenost averze s\u00fdkory ko\u0148adry (<em>Parus major<\/em>) v\u016f\u010di \u010dlen\u016fm mimetick\u00e9ho okruhu \u010derno-\u010derven\u00e9ho hmyzu. (poster)<\/a><\/li>\n<li>Ba\u017eant M., S\u00fdkorov\u00e1 J., Bur\u0161\u00edkov\u00e1 M., Val\u00e1\u0161ek M., \u0160korp\u00edkov\u00e1 V., Tich\u00e1 I., Nov\u00e1kov\u00e1 N., Kirchmeier A., Uhl F., Vesel\u00fd P. (2016): V\u00fdskyt p\u011bnice vla\u0161sk\u00e9 (<em>Sylvia nisoria<\/em>) na ji\u017en\u00edm Znojemsku \u2013 meziro\u010dn\u00ed srovn\u00e1n\u00ed po\u010detnosti a p\u0159ekryvu m\u00edst v\u00fdskytu, porovn\u00e1n\u00ed v\u00fdskytu v mozaikov\u00fdch a liniov\u00fdch habitatech. (poster)<\/li>\n<\/ul>\n<h2>42. konference \u010ceskoslovensk\u00e9 etologick\u00e9 spole\u010dnosti, \u010cesk\u00e9 Bud\u011bjovice, listopad 2015.<\/h2>\n<ul>\n<li>Vesel\u00fd P., Karl\u00edkov\u00e1 Z., Fuchs R. (2015): <a href=\"http:\/\/cke.cz\/wp-content\/uploads\/2017\/konference\/vesely-etspol-2015.pdf\" target=\"_blank\" rel=\"noopener noreferrer\">S\u00fdkory vs. nev\u00fdstra\u017en\u011b zbarven\u00e1 ko\u0159ist. (oral presentation)<\/a><\/li>\n<li>Buchalov\u00e1 M., Vesel\u00fd P., Fuchs R. (2015): <a href=\"http:\/\/cke.cz\/wp-content\/uploads\/2017\/konference\/2015-buchalova-etspol.pdf\" target=\"_blank\" rel=\"noopener noreferrer\">Anal\u00fdza varovn\u00fdch hlas\u016f s\u00fdkory ko\u0148adry (Parus major). (poster)<\/a><\/li>\n<li>Dr\u00e1bkov\u00e1 T., Vesel\u00fd P., Fuchs R. (2015): <a href=\"http:\/\/www.cke.cz\/wp-content\/uploads\/2017\/konference\/2016-drabkova-zoodny.pdf\" target=\"_blank\" rel=\"noopener noreferrer\">Vrozenost averze s\u00fdkory ko\u0148adry (<em>Parus major<\/em>) v\u016f\u010di \u010dlen\u016fm mimetick\u00e9ho okruhu \u010derno-\u010derven\u00e9ho hmyzu. (poster)<\/a><\/li>\n<li>Mina\u0159\u00edk T., Vesel\u00fd P., Humlov\u00e1 A. (2015): Treecreeper (<em>Certhia<\/em>, Certhiidae, Passeriformes) inter-specific interactions. (poster)<\/li>\n<li>Nov\u00e1kov\u00e1 N., Vesel\u00fd P., Fuchs R. (2015): Pt\u00e1ci pou\u017e\u00edvaj\u00ed &#8220;particulate feature theory&#8221; p\u0159i rozpozn\u00e1v\u00e1n\u00ed pred\u00e1tora b\u011bhem ter\u00e9nn\u00edch experiment\u016f. (poster)<\/li>\n<\/ul>\n<h2>Ekologie 2015 \u2013 konference \u010cSPE, \u010cesk\u00e9 Bud\u011bjovice, \u0159\u00edjen 2015.<\/h2>\n<ul>\n<li>Ku\u010dera T., Kloubcov\u00e1 P., Vesel\u00fd P. (2015): Jak slo\u017een\u00ed a struktura vegetace ovliv\u0148uje avicen\u00f3zy a jak je vn\u00edmaj\u00ed n\u00e1v\u0161t\u011bvn\u00edci l\u00e1ze\u0148sk\u00e9ho m\u011bsta? \/ Are vegetation composition and structure the main factors affecting bird communities and human perception in a small spa town? (oral presentation)<\/li>\n<\/ul>\n<h2>Zoologick\u00e9 Dny 2013, Brno, \u00fanor 2013.<\/h2>\n<ul>\n<li>Karl\u00edkov\u00e1 Z., Vesel\u00fd P., Fuchs R. (2013): Recognition and discrimination of prey by great tits (<em>Parus major<\/em>). (poster)<\/li>\n<li>Bur\u0161\u00edkov\u00e1 M., Vesel\u00fd P., Fuchs R. (2013): Vliv zbarven\u00ed pred\u00e1tora na reakce pt\u00e1k\u016f na krm\u00edtku. (poster)<\/li>\n<li>Dr\u00e1bkov\u00e1 T., Vesel\u00fd P., Fuchs R. (2013): Vrozenost reakce s\u00fdkory ko\u0148adry (<em>Parus major<\/em>) na v\u00fdstra\u017en\u00e9 sign\u00e1ly aposematick\u00e9ho hmyzu. (poster)<\/li>\n<li>Pr\u016fchov\u00e1 A., Vesel\u00fd P., Nedv\u011bd O. (2013): The importance of the colour and the spotted pattern in ladybird <em>Harmonia axyridis<\/em> warning colouration. (poster)<\/li>\n<\/ul>\n<h2>Zoologick\u00e9 Dny 2012, Olomouc, \u00fanor 2012.<\/h2>\n<ul>\n<li>Pr\u016fchov\u00e1 A., Luhanov\u00e1 D., Pr\u00e1\u0161kov\u00e1 M., Vesel\u00fd P., Fuchs R. (2011): Pattern as a key feature in recognition of warningly coloured prey. (poster)<\/li>\n<li>Cibulkov\u00e1 A., Vesel\u00fd P., Fuchs R. (2012): Schopnost p\u011bvc\u016f rozpoznat v\u00fdstra\u017en\u00fd sign\u00e1l a Batesovsk\u00e9 mimikry. (poster)<\/li>\n<li>Karl\u00edkov\u00e1 Z., Vesel\u00fd P., Fuchs R. (2012): Recognition and discrimination of prey by great tits (<em>Parus major<\/em>). (poster)<\/li>\n<\/ul>\n<h2>38. konference \u010ceskoslovensk\u00e9 etologick\u00e9 spole\u010dnosti, Kostelec nad \u010cern\u00fdmi lesy, listopad 2011.<\/h2>\n<ul>\n<li>Cibulkov\u00e1 A., Vesel\u00fd P., and R. Fuchs (2011): Passerine birds\u2019 ability to recognize warning signal and Batesian mimicry. (poster)<\/li>\n<\/ul>\n<h2>37. konference \u010ceskoslovensk\u00e9 etologick\u00e9 spole\u010dnosti, Smolenice, listopad 2010.<\/h2>\n<ul>\n<li>Cibulkov\u00e1 A., Vesel\u00fd P., and R. Fuchs (2010): Mezidruhov\u00e9 rozd\u00edly ve schopnosti p\u011bvc\u016f odhalit Batesovsk\u00e9ho mimika na z\u00e1klad\u011b p\u0159edchoz\u00ed potravn\u00ed zku\u0161enosti. (poster)<\/li>\n<li>Pr\u016fchov\u00e1 A., Vesel\u00fd P., and R. Fuchs (2010): Reakce zrno\u017erav\u00fdch p\u011bvc\u016f na slun\u00e9\u010dko <em>Harmonia axyridis<\/em>. (poster)<\/li>\n<li>Karl\u00edkov\u00e1 Z., Vesel\u00fd P., and R. Fuchs (2010): Rozpozn\u00e1v\u00e1n\u00ed jedl\u00e9 a nejedl\u00e9 hmyz\u00ed ko\u0159isti s\u00fdkorou ko\u0148adrou (<em>Parus major<\/em>). (poster)<\/li>\n<\/ul>\n<h2>Zoologick\u00e9 Dny 2009, Brno, \u00fanor 2009.<\/h2>\n<ul>\n<li>Luhanov\u00e1 D., Pr\u00e1\u0161kov\u00e1 M., Vesel\u00fd P., and R. Fuchs (2009): Vliv vzoru na reakci pta\u010d\u00edho pred\u00e1tora na nechr\u00e1n\u011bnou aposematickou ko\u0159ist. (poster)<\/li>\n<\/ul>\n<h2>Zoologick\u00e9 Dny 2008, \u010cesk\u00e9 Bud\u011bjovice, \u00fanor 2008.<\/h2>\n<ul>\n<li>Cibulkov\u00e1 A., Vesel\u00fd P., and Fuchs R. (2008): V\u00fdznam barvy ve v\u00fdstra\u017en\u00e9 signalizaci rum\u011bnice pospoln\u00e9 (<em>Pyrrhocoris apterus<\/em>). (poster)<\/li>\n<li>Tesa\u0159ov\u00e1 M., Vesel\u00fd P., and R. Fuchs (2008): Role osobnosti v pta\u010d\u00ed reakci na v\u00fdstra\u017en\u011b zbarvenou ko\u0159ist. (poster)<\/li>\n<li>Vesel\u00fd P. (2008): <a href=\"http:\/\/www.cke.cz\/wp-content\/uploads\/2017\/konference\/2008-vesely-zoodny.pdf\" target=\"_blank\" rel=\"noopener noreferrer\">Vliv p\u0159edchoz\u00ed potravn\u00ed zku\u0161enosti s\u00fdkory ko\u0148adry na jej\u00ed reakci na aposematickou ko\u0159ist. (oral presentation)<\/a><\/li>\n<\/ul>\n","protected":false},"excerpt":{"rendered":"<h2>The 47th conference of the Czech and Slovak Ethological Society, on-line, October 2020<\/h2>\n<ul>\n<li>Linhart P., Linhart J. (2020):\u00a0<a href=\"http:\/\/cke.cz\/wp-content\/uploads\/2020\/11\/Sbornik_47_konference_CSEtS.pdf\">Pexeso jako n\u00e1stroj studia percep&#8230;<br \/>\n","protected":false},"author":1,"featured_media":0,"parent":244,"menu_order":0,"comment_status":"closed","ping_status":"closed","template":"sidebar-page.php","meta":{"footnotes":""},"_links":{"self":[{"href":"http:\/\/cke.cz\/en_GB\/wp-json\/wp\/v2\/pages\/1288"}],"collection":[{"href":"http:\/\/cke.cz\/en_GB\/wp-json\/wp\/v2\/pages"}],"about":[{"href":"http:\/\/cke.cz\/en_GB\/wp-json\/wp\/v2\/types\/page"}],"author":[{"embeddable":true,"href":"http:\/\/cke.cz\/en_GB\/wp-json\/wp\/v2\/users\/1"}],"replies":[{"embeddable":true,"href":"http:\/\/cke.cz\/en_GB\/wp-json\/wp\/v2\/comments?post=1288"}],"version-history":[{"count":22,"href":"http:\/\/cke.cz\/en_GB\/wp-json\/wp\/v2\/pages\/1288\/revisions"}],"predecessor-version":[{"id":2369,"href":"http:\/\/cke.cz\/en_GB\/wp-json\/wp\/v2\/pages\/1288\/revisions\/2369"}],"up":[{"embeddable":true,"href":"http:\/\/cke.cz\/en_GB\/wp-json\/wp\/v2\/pages\/244"}],"wp:attachment":[{"href":"http:\/\/cke.cz\/en_GB\/wp-json\/wp\/v2\/media?parent=1288"}],"curies":[{"name":"wp","href":"https:\/\/api.w.org\/{rel}","templated":true}]}}