{"id":103,"date":"2017-05-15T19:34:19","date_gmt":"2017-05-15T17:34:19","guid":{"rendered":"http:\/\/cke.cz\/domains\/cke.cz\/?page_id=103"},"modified":"2021-11-12T19:23:23","modified_gmt":"2021-11-12T18:23:23","slug":"contact","status":"publish","type":"page","link":"http:\/\/cke.cz\/en_GB\/contact\/","title":{"rendered":"Contact"},"content":{"rendered":"<h2>Head of our research group<\/h2>\n<p><a href=\"mailto:fuchs@prf.jcu.cz\">doc. RNDr. Roman Fuchs, CSc.<\/a><\/p>\n<p style=\"padding-left: 30px;\">Department of Zoology<br \/>Office B264<br \/>Faculty of Science<br \/>University of South Bohemia<br \/>Brani\u0161ovsk\u00e1 31c<br \/>\u010cesk\u00e9 Bud\u011bjovice 370 05<br \/>Czech Republic<\/p>\n<h2>Main contact<\/h2>\n<p><a href=\"mailto:petr-vesely@seznam.cz\">RNDr. Petr Vesel\u00fd, PhD.<\/a><br \/>+420 387 772 241<\/p>\n<p style=\"padding-left: 30px;\">Department of Zoology<br \/>Office B263c<br \/>Faculty of Science<br \/>University of South Bohemia<br \/>Brani\u0161ovsk\u00e1 31c<br \/>\u010cesk\u00e9 Bud\u011bjovice 370 05<br \/>Czech Republic<\/p>\n<hr \/>\n<h3>Webmaster<\/h3>\n<p><a href=\"mailto:ondra.fis@seznam.cz\">Mgr. Ond\u0159ej Fi\u0161er<\/a><\/p>\n<p><a href=\"mailto:hromadkova.ter@gmail.com\">Mgr. Tereza Hrom\u00e1dkov\u00e1<\/a><\/p>\n<p><a href=\"mailto:drabkova.tereza@gmail.com\">Mgr. et Mgr. Tereza Soukupov\u00e1 (Dr\u00e1bkov\u00e1)<\/a><\/p>\n","protected":false},"excerpt":{"rendered":"<h2>Head of our research group<\/h2>\n<p><a href=\"mailto:fuchs@prf.jcu.cz\">doc. RNDr. Roman Fuchs, CSc.<\/a><\/p>\n<p style=\"padding-left: 30px;\">Department of Zoology<br \/>Office B264<br \/>Faculty of Science<br \/>University of South Bohemia<br \/>Brani\u0161ovsk&#8230;<\/p>\n","protected":false},"author":1,"featured_media":0,"parent":0,"menu_order":6,"comment_status":"closed","ping_status":"closed","template":"sidebar-page.php","meta":{"footnotes":""},"_links":{"self":[{"href":"http:\/\/cke.cz\/en_GB\/wp-json\/wp\/v2\/pages\/103"}],"collection":[{"href":"http:\/\/cke.cz\/en_GB\/wp-json\/wp\/v2\/pages"}],"about":[{"href":"http:\/\/cke.cz\/en_GB\/wp-json\/wp\/v2\/types\/page"}],"author":[{"embeddable":true,"href":"http:\/\/cke.cz\/en_GB\/wp-json\/wp\/v2\/users\/1"}],"replies":[{"embeddable":true,"href":"http:\/\/cke.cz\/en_GB\/wp-json\/wp\/v2\/comments?post=103"}],"version-history":[{"count":19,"href":"http:\/\/cke.cz\/en_GB\/wp-json\/wp\/v2\/pages\/103\/revisions"}],"predecessor-version":[{"id":2602,"href":"http:\/\/cke.cz\/en_GB\/wp-json\/wp\/v2\/pages\/103\/revisions\/2602"}],"wp:attachment":[{"href":"http:\/\/cke.cz\/en_GB\/wp-json\/wp\/v2\/media?parent=103"}],"curies":[{"name":"wp","href":"https:\/\/api.w.org\/{rel}","templated":true}]}}