{"id":94,"date":"2017-05-15T19:28:53","date_gmt":"2017-05-15T17:28:53","guid":{"rendered":"http:\/\/cke.cz\/domains\/cke.cz\/?page_id=94"},"modified":"2019-12-01T17:28:39","modified_gmt":"2019-12-01T16:28:39","slug":"foreign-stays","status":"publish","type":"page","link":"http:\/\/cke.cz\/cs_CZ\/gallery\/foreign-stays\/","title":{"rendered":"Zahrani\u010dn\u00ed st\u00e1\u017ee"},"content":{"rendered":"<h2><a href=\"http:\/\/cke.cz\/2017\/05\/17\/grunau-im-almtal-austria-2016-tereza-drabkova\/\">Gr\u00fcnau im Almtal, Rakousko, 2016 &#8211; Tereza Dr\u00e1bkov\u00e1<\/a><\/h2>\n<h2><a href=\"http:\/\/cke.cz\/2017\/07\/25\/grunau-im-almtal-austria-2016-jana-berankova\/\">Gr\u00fcnau im Almtal, Rakousko, 2016 &#8211; Jana Ber\u00e1nkov\u00e1<\/a><\/h2>\n<h2><a href=\"http:\/\/cke.cz\/2017\/07\/25\/grunau-im-almtal-austria-2015-jana-berankova\/\">Gr\u00fcnau im Almtal, Rakousko, 2015 &#8211; Jana Ber\u00e1nkov\u00e1<\/a><\/h2>\n<h2><a href=\"http:\/\/cke.cz\/2017\/07\/25\/vienna-austria-2014-jana-berankova\/\">V\u00edde\u0148, Rakousko, 2014 &#8211; Jana Ber\u00e1nkov\u00e1<\/a><\/h2>\n<h2><a href=\"http:\/\/cke.cz\/2017\/08\/14\/poland-2012-michal-majkl-nemec\/\">Polsko, 2012 &#8211; Michal Majkl N\u011bmec<\/a><\/h2>\n","protected":false},"excerpt":{"rendered":"<h2><a href=\"http:\/\/cke.cz\/2017\/05\/17\/grunau-im-almtal-austria-2016-tereza-drabkova\/\">Gr\u00fcnau im Almtal, Rakousko, 2016 &#8211; Tereza Dr\u00e1bkov\u00e1<\/a><\/h2>\n<h2><a href=\"http:\/\/cke.cz\/2017\/07\/25\/grunau-im-almtal-austria-2016-jana-berankova\/\">Gr\u00fcnau im Almtal, &#8230;<\/p>\n","protected":false},"author":1,"featured_media":0,"parent":82,"menu_order":3,"comment_status":"closed","ping_status":"closed","template":"sidebar-page.php","meta":{"footnotes":""},"_links":{"self":[{"href":"http:\/\/cke.cz\/cs_CZ\/wp-json\/wp\/v2\/pages\/94"}],"collection":[{"href":"http:\/\/cke.cz\/cs_CZ\/wp-json\/wp\/v2\/pages"}],"about":[{"href":"http:\/\/cke.cz\/cs_CZ\/wp-json\/wp\/v2\/types\/page"}],"author":[{"embeddable":true,"href":"http:\/\/cke.cz\/cs_CZ\/wp-json\/wp\/v2\/users\/1"}],"replies":[{"embeddable":true,"href":"http:\/\/cke.cz\/cs_CZ\/wp-json\/wp\/v2\/comments?post=94"}],"version-history":[{"count":21,"href":"http:\/\/cke.cz\/cs_CZ\/wp-json\/wp\/v2\/pages\/94\/revisions"}],"predecessor-version":[{"id":1950,"href":"http:\/\/cke.cz\/cs_CZ\/wp-json\/wp\/v2\/pages\/94\/revisions\/1950"}],"up":[{"embeddable":true,"href":"http:\/\/cke.cz\/cs_CZ\/wp-json\/wp\/v2\/pages\/82"}],"wp:attachment":[{"href":"http:\/\/cke.cz\/cs_CZ\/wp-json\/wp\/v2\/media?parent=94"}],"curies":[{"name":"wp","href":"https:\/\/api.w.org\/{rel}","templated":true}]}}