{"id":82,"date":"2017-05-15T19:27:19","date_gmt":"2017-05-15T17:27:19","guid":{"rendered":"http:\/\/cke.cz\/domains\/cke.cz\/?page_id=82"},"modified":"2019-12-06T15:57:05","modified_gmt":"2019-12-06T14:57:05","slug":"gallery","status":"publish","type":"page","link":"http:\/\/cke.cz\/cs_CZ\/gallery\/","title":{"rendered":"Fotogalerie"},"content":{"rendered":"<h2><a href=\"http:\/\/cke.cz\/cs_CZ\/gallery\/research\/\">V\u00fdzkum<\/a><\/h2>\n<h2><a href=\"http:\/\/cke.cz\/gallery\/foreign-stays\/\">Zahrani\u010dn\u00ed st\u00e1\u017ee<\/a><\/h2>\n<h2><a href=\"http:\/\/cke.cz\/gallery\/conference\/\">Konference<\/a><\/h2>\n<h2><a href=\"http:\/\/cke.cz\/gallery\/public_events\/\">V\u00fduka a akce pro ve\u0159ejnost<\/a><\/h2>\n<h2><a href=\"http:\/\/cke.cz\/gallery\/our-working-group-in-pictures\/\">Ze \u017eivota na\u0161\u00ed skupiny<\/a><\/h2>\n","protected":false},"excerpt":{"rendered":"<h2><a href=\"http:\/\/cke.cz\/cs_CZ\/gallery\/research\/\">V\u00fdzkum<\/a><\/h2>\n<h2><a href=\"http:\/\/cke.cz\/gallery\/foreign-stays\/\">Zahrani\u010dn\u00ed st\u00e1\u017ee<\/a><\/h2>\n<h2><a href=\"http:\/\/cke.cz\/gallery\/conference\/\">Konference<\/a><\/h2>\n<h2><a href=\"http:\/\/cke.cz\/gallery...\n<\/p>\n","protected":false},"author":1,"featured_media":0,"parent":0,"menu_order":5,"comment_status":"closed","ping_status":"closed","template":"sidebar-page.php","meta":{"footnotes":""},"_links":{"self":[{"href":"http:\/\/cke.cz\/cs_CZ\/wp-json\/wp\/v2\/pages\/82"}],"collection":[{"href":"http:\/\/cke.cz\/cs_CZ\/wp-json\/wp\/v2\/pages"}],"about":[{"href":"http:\/\/cke.cz\/cs_CZ\/wp-json\/wp\/v2\/types\/page"}],"author":[{"embeddable":true,"href":"http:\/\/cke.cz\/cs_CZ\/wp-json\/wp\/v2\/users\/1"}],"replies":[{"embeddable":true,"href":"http:\/\/cke.cz\/cs_CZ\/wp-json\/wp\/v2\/comments?post=82"}],"version-history":[{"count":19,"href":"http:\/\/cke.cz\/cs_CZ\/wp-json\/wp\/v2\/pages\/82\/revisions"}],"predecessor-version":[{"id":2010,"href":"http:\/\/cke.cz\/cs_CZ\/wp-json\/wp\/v2\/pages\/82\/revisions\/2010"}],"wp:attachment":[{"href":"http:\/\/cke.cz\/cs_CZ\/wp-json\/wp\/v2\/media?parent=82"}],"curies":[{"name":"wp","href":"https:\/\/api.w.org\/{rel}","templated":true}]}}