{"id":2,"date":"2017-05-15T16:52:32","date_gmt":"2017-05-15T14:52:32","guid":{"rendered":"http:\/\/cke.cz\/domains\/cke.cz\/?page_id=2"},"modified":"2017-05-30T14:13:07","modified_gmt":"2017-05-30T12:13:07","slug":"research","status":"publish","type":"page","link":"http:\/\/cke.cz\/cs_CZ\/research\/","title":{"rendered":"V\u00fdzkum"},"content":{"rendered":"<p><a href=\"http:\/\/cke.cz\/research\/ptak-jako-predator\/\">Pt\u00e1k jako pred\u00e1tor<\/a><\/p>\n<p style=\"padding-left: 30px;\"><a href=\"http:\/\/cke.cz\/research\/ptak-jako-predator\/aposematic-prey\/\">Aposematick\u00e1 ko\u0159ist<\/a><\/p>\n<p style=\"padding-left: 30px;\"><a href=\"http:\/\/cke.cz\/research\/ptak-jako-predator\/crypsis-and-search-image\/\">Krypsis a search image<\/a><\/p>\n<hr \/>\n<p><a href=\"http:\/\/cke.cz\/research\/birds-as-prey\/\">Pt\u00e1k jako ko\u0159ist<\/a><\/p>\n<p style=\"padding-left: 30px;\"><a href=\"http:\/\/cke.cz\/research\/birds-as-prey\/nest-defence\/\">Obrana hn\u00edzda<\/a><\/p>\n<p style=\"padding-left: 30px;\"><a href=\"http:\/\/cke.cz\/research\/birds-as-prey\/predator-recognition\/\">Rozpozn\u00e1n\u00ed pred\u00e1tor\u016f<\/a><\/p>\n<hr \/>\n<p><a href=\"http:\/\/cke.cz\/research\/rivals\/\">Rivalov\u00e9<\/a><\/p>\n<hr \/>\n<p><a href=\"http:\/\/cke.cz\/research\/corvids\/\">Krkavcovit\u00ed<\/a><\/p>\n<hr \/>\n<p><a href=\"http:\/\/cke.cz\/research\/bioacustics\/\">Bioakustika<\/a><\/p>\n<hr \/>\n<p><a href=\"http:\/\/cke.cz\/research\/ecology-of-urban-birds\/\">Ekologie urb\u00e1nn\u00edch pt\u00e1k\u016f<\/a><\/p>\n<hr \/>\n<p><a href=\"http:\/\/cke.cz\/research\/research-in-svalbard\/\">V\u00fdzkum na Svalbardu<\/a><\/p>\n","protected":false},"excerpt":{"rendered":"<p><a href=\"http:\/\/cke.cz\/research\/ptak-jako-predator\/\">Pt\u00e1k jako pred\u00e1tor<\/a><\/p>\n<p style=\"padding-left: 30px;\"><a href=\"http:\/\/cke.cz\/research\/ptak-jako-predator\/aposematic-prey\/\">Aposematick\u00e1 ko\u0159ist<\/a><\/p>\n<p style=\"padding-left: 30px;\"><a href=\"h...\n<\/p>\n","protected":false},"author":1,"featured_media":0,"parent":0,"menu_order":2,"comment_status":"closed","ping_status":"open","template":"sidebar-page.php","meta":{"footnotes":""},"_links":{"self":[{"href":"http:\/\/cke.cz\/cs_CZ\/wp-json\/wp\/v2\/pages\/2"}],"collection":[{"href":"http:\/\/cke.cz\/cs_CZ\/wp-json\/wp\/v2\/pages"}],"about":[{"href":"http:\/\/cke.cz\/cs_CZ\/wp-json\/wp\/v2\/types\/page"}],"author":[{"embeddable":true,"href":"http:\/\/cke.cz\/cs_CZ\/wp-json\/wp\/v2\/users\/1"}],"replies":[{"embeddable":true,"href":"http:\/\/cke.cz\/cs_CZ\/wp-json\/wp\/v2\/comments?post=2"}],"version-history":[{"count":14,"href":"http:\/\/cke.cz\/cs_CZ\/wp-json\/wp\/v2\/pages\/2\/revisions"}],"predecessor-version":[{"id":649,"href":"http:\/\/cke.cz\/cs_CZ\/wp-json\/wp\/v2\/pages\/2\/revisions\/649"}],"wp:attachment":[{"href":"http:\/\/cke.cz\/cs_CZ\/wp-json\/wp\/v2\/media?parent=2"}],"curies":[{"name":"wp","href":"https:\/\/api.w.org\/{rel}","templated":true}]}}