{"id":1351,"date":"2017-08-07T14:19:26","date_gmt":"2017-08-07T12:19:26","guid":{"rendered":"http:\/\/cke.cz\/?page_id=1351"},"modified":"2021-11-12T16:34:18","modified_gmt":"2021-11-12T15:34:18","slug":"our-working-group-in-pictures","status":"publish","type":"page","link":"http:\/\/cke.cz\/cs_CZ\/gallery\/our-working-group-in-pictures\/","title":{"rendered":"Ze \u017eivota na\u0161\u00ed skupiny"},"content":{"rendered":"<h2><a href=\"http:\/\/cke.cz\/2021\/11\/12\/navstivil-nas-prof-piotr-tryjanowski\/\">N\u00e1v\u0161t\u011bva prof. Piotr Tryjanowski<\/a><\/h2>\n<h2><a href=\"http:\/\/cke.cz\/2021\/11\/12\/chorvatsko-2019\/\">Chorvatsko 2019<\/a><\/h2>\n<h2><a href=\"http:\/\/cke.cz\/cs_CZ\/2018\/10\/14\/awards-of-the-learned-society-2018-sabina-cerna\/\">Ceny U\u010den\u00e9 spole\u010dnosti \u010cesk\u00e9 republiky 2018 &#8211; Sabina \u010cern\u00e1\u00a0<\/a><\/h2>\n<h2><a href=\"http:\/\/cke.cz\/cs_CZ\/2020\/02\/25\/celebration-60th-anniversary-of-fuchs\/\">Oslava \u0161edes\u00e1tin doc. Fuchs<\/a><\/h2>\n<h2><a href=\"http:\/\/cke.cz\/cs_CZ\/2017\/08\/14\/cke-full-office\/\">CKE &#8211; na\u0161e p\u0159elidn\u011bn\u00e1 kancel\u00e1\u0159<\/a><\/h2>\n<h2><a href=\"http:\/\/cke.cz\/cs_CZ\/2017\/08\/07\/our-heads-50th-birthday\/\">Fuchsovy pades\u00e1tiny (2009)<\/a><\/h2>\n","protected":false},"excerpt":{"rendered":"<h2><a href=\"http:\/\/cke.cz\/2021\/11\/12\/navstivil-nas-prof-piotr-tryjanowski\/\">N\u00e1v\u0161t\u011bva prof. Piotr Tryjanowski<\/a><\/h2>\n<h2><a href=\"http:\/\/cke.cz\/2021\/11\/12\/chorvatsko-2019\/\">Chorvatsko 2019<\/a><\/h2>\n<h2><a href=\"http:\/\/cke.cz\/cs_CZ\/2018\/10\/14\/awards-o...\n<\/p>\n","protected":false},"author":1,"featured_media":0,"parent":82,"menu_order":0,"comment_status":"closed","ping_status":"closed","template":"sidebar-page.php","meta":{"footnotes":""},"_links":{"self":[{"href":"http:\/\/cke.cz\/cs_CZ\/wp-json\/wp\/v2\/pages\/1351"}],"collection":[{"href":"http:\/\/cke.cz\/cs_CZ\/wp-json\/wp\/v2\/pages"}],"about":[{"href":"http:\/\/cke.cz\/cs_CZ\/wp-json\/wp\/v2\/types\/page"}],"author":[{"embeddable":true,"href":"http:\/\/cke.cz\/cs_CZ\/wp-json\/wp\/v2\/users\/1"}],"replies":[{"embeddable":true,"href":"http:\/\/cke.cz\/cs_CZ\/wp-json\/wp\/v2\/comments?post=1351"}],"version-history":[{"count":19,"href":"http:\/\/cke.cz\/cs_CZ\/wp-json\/wp\/v2\/pages\/1351\/revisions"}],"predecessor-version":[{"id":2594,"href":"http:\/\/cke.cz\/cs_CZ\/wp-json\/wp\/v2\/pages\/1351\/revisions\/2594"}],"up":[{"embeddable":true,"href":"http:\/\/cke.cz\/cs_CZ\/wp-json\/wp\/v2\/pages\/82"}],"wp:attachment":[{"href":"http:\/\/cke.cz\/cs_CZ\/wp-json\/wp\/v2\/media?parent=1351"}],"curies":[{"name":"wp","href":"https:\/\/api.w.org\/{rel}","templated":true}]}}