{"id":1284,"date":"2017-08-07T10:39:20","date_gmt":"2017-08-07T08:39:20","guid":{"rendered":"http:\/\/cke.cz\/?page_id=1284"},"modified":"2017-08-07T11:17:48","modified_gmt":"2017-08-07T09:17:48","slug":"international-conferences","status":"publish","type":"page","link":"http:\/\/cke.cz\/cs_CZ\/publication\/conference\/international-conferences\/","title":{"rendered":"Mezin\u00e1rodn\u00ed konference"},"content":{"rendered":"<h2>VIII European Conference on Behavioural Biology, Vienna, Austria, July 2016<\/h2>\n<ul>\n<li>Vesel\u00fd P., Bur\u0161\u00edkov\u00e1 M., S\u00fdkorov\u00e1 J., Ba\u017eant M. (2016) Cooperation of shrikes and barred warbler during the nest defence. (oral presentation)<\/li>\n<li>B\u00edl\u00e1 K., Ber\u00e1nkov\u00e1 J., Vesel\u00fd P., Schwab C., Bugnyar T. (2016): Responses of urban crows to con- and heterospecific alarm calls in predator and non-predator zoo enclosures. (poster)<\/li>\n<li>Dr\u00e1bkov\u00e1 T., Vesel\u00fd P., Fuchs R. (2016): Colour pattern does not play a key role in forming a mimetic complex of red-and-black insects. Experiments with naive and adult great tits. (poster)<\/li>\n<li>Mina\u0159\u00edk T., Vesel\u00fd P., Humlov\u00e1 A. (2016): Interspecific interactions between the Eurasian Treecreeper (<em>Certhia familiaris<\/em>) and the Short-toed Treecreeper (<em>Certhia brachydactyla<\/em>). (poster)<\/li>\n<\/ul>\n<h2>KLF Graduate meeting, Gr\u00fcnau im Almtal, Austria, September 2015<\/h2>\n<ul>\n<li>Mina\u0159\u00edk T., Vesel\u00fd P., Humlov\u00e1 A. (2015): Treecreeper (<em>Certhia<\/em>, Certhiidae, Passeriformes) inter-specific interactions. (poster)<\/li>\n<li>Nov\u00e1kov\u00e1 N., Vesel\u00fd P. (2015): Evidence for \u201cRecognition by components\u201d in field experiments with birds. (poster)<\/li>\n<\/ul>\n<h2>VII European Conference on Behavioural Biology, Prague, Czech Republic, July 2014<\/h2>\n<ul>\n<li>Vesel\u00fd P., N\u011bmec M., Syrov\u00e1 M., Fuchs R. (2014): Predator recognition by red-backed shrikes \u2013 importance of predator colour, size and presence of key features. (oral presentation)<\/li>\n<li>Marhounov\u00e1 L., Vesel\u00fd P., Fuchs R., Frynta D., Landov\u00e1 E (2014): Object permanence in two species of tits: Is the mental representation required? (poster)<\/li>\n<\/ul>\n<h2>14th International Congress in Behavioural Ecology ISBE, Lund, Sweden August 2012<\/h2>\n<ul>\n<li>Pr\u016fchov\u00e1 A., Vesel\u00fd P., and Fuchs R. (2012): The importance of the colour and the spotted pattern in ladybird <em>Harmonia axyridis<\/em> warning colouration (poster)<\/li>\n<\/ul>\n<h2>ASAB, Summer Conference, St Andrews, Scotland August 2011<\/h2>\n<ul>\n<li>Vesel\u00fd P. and R. Fuchs (2011): Field experiments: a potential in animal cognition research. (poster)<\/li>\n<li>Cibulkov\u00e1 A., Vesel\u00fd P., and R. Fuchs (2011): Passerine birds\u2019 ability to recognize warning signal and Batesian mimicry. (poster)<\/li>\n<li>Karl\u00edkov\u00e1 Z., Vesel\u00fd P., and R. Fuchs (2011): Recognition and discrimination of prey by great tits (<em>Parus major<\/em>). (poster)<\/li>\n<\/ul>\n<h2>2<sup>nd<\/sup> TOK conference of CompCog, Prague, Czech Republic, May 2011<\/h2>\n<ul>\n<li>Cibulkov\u00e1 A., Vesel\u00fd P., and R. Fuchs (2011): Passerine birds\u2019 ability to recognize warning signal and Batesian mimicry. (poster)<\/li>\n<li>Pr\u016fchov\u00e1 A., Luhanov\u00e1 D., Pr\u00e1\u0161kov\u00e1 M., Vesel\u00fd P., and R. Fuchs (2011): Pattern as a key feature in recognition of warningly coloured prey. (poster)<\/li>\n<\/ul>\n<h2>31<sup>st<\/sup> International Ethological Conference, Rennes, France, August 2009<\/h2>\n<ul>\n<li>Vesel\u00fd P., Cibulkov\u00e1 A., and R. Fuchs (2009): Importance of colour in dangerous prey recognition in great tits. (poster)<\/li>\n<\/ul>\n<h2>VIIIth European Congress of Entomology: Izmir Turkey: September 2006<\/h2>\n<ul>\n<li>Vesel\u00fd P., Fuchs R., and Vesel\u00e1 S. (2006): Visual antipredatory signalization of red cotton bug \u2013 <em>Dysdercus cingulatus<\/em> (Heteroptera, Pyrrhocoridae). (poster)<\/li>\n<li>Tesa\u0159ov\u00e1 M., Dolensk\u00e1 M., Fuchs R., Vesel\u00fd P., and Nedv\u011bd O. (2006): Antipredatory signalization of ladybirds (Coleoptera, Coccinellidae). (poster)<\/li>\n<\/ul>\n<h2>10th International Congress in Behavioural Ecology ISBE, Jyv\u00e4skyl\u00e4, Finland, June 2004<\/h2>\n<ul>\n<li>Vesel\u00fd P., Barcalov\u00e1 S., Fuchs R. and Zrzav\u00fd J. (2004): Reaction of blue tit (<em>Parus caeruleus<\/em>) and Great tit (<em>Parus majo<\/em>r) to the shield bug (<em>Graphosoma lineatum<\/em>). (poster)<\/li>\n<li>Barcalov\u00e1 S., Fu\u010d\u00edkov\u00e1 E., Vesel\u00fd P., Landov\u00e1 E., Prokopov\u00e1 M., Exnerov\u00e1 A. and Fuchs R. (2004): Pattern of reaction to aposematic and artificially non-aposematic <em>Pyrrhocoris apterus <\/em>(Heteroptera: Pyrrhocoridae) within two genera of insectivorous birds (<em>Parus, Sylvia<\/em>). (poster)<\/li>\n<\/ul>\n","protected":false},"excerpt":{"rendered":"<h2>VIII European Conference on Behavioural Biology, Vienna, Austria, July 2016<\/h2>\n<ul>\n<li>Vesel\u00fd P., Bur\u0161\u00edkov\u00e1 M., S\u00fdkorov\u00e1 J., Ba\u017eant M. (2016) Cooperation of shrikes and barred warbler during the nest defence. (oral presentation)<\/li>\n<li>B\u00edl\u00e1 K.,&#8230;<br \/>\n","protected":false},"author":1,"featured_media":0,"parent":244,"menu_order":0,"comment_status":"closed","ping_status":"closed","template":"sidebar-page.php","meta":{"footnotes":""},"_links":{"self":[{"href":"http:\/\/cke.cz\/cs_CZ\/wp-json\/wp\/v2\/pages\/1284"}],"collection":[{"href":"http:\/\/cke.cz\/cs_CZ\/wp-json\/wp\/v2\/pages"}],"about":[{"href":"http:\/\/cke.cz\/cs_CZ\/wp-json\/wp\/v2\/types\/page"}],"author":[{"embeddable":true,"href":"http:\/\/cke.cz\/cs_CZ\/wp-json\/wp\/v2\/users\/1"}],"replies":[{"embeddable":true,"href":"http:\/\/cke.cz\/cs_CZ\/wp-json\/wp\/v2\/comments?post=1284"}],"version-history":[{"count":10,"href":"http:\/\/cke.cz\/cs_CZ\/wp-json\/wp\/v2\/pages\/1284\/revisions"}],"predecessor-version":[{"id":1310,"href":"http:\/\/cke.cz\/cs_CZ\/wp-json\/wp\/v2\/pages\/1284\/revisions\/1310"}],"up":[{"embeddable":true,"href":"http:\/\/cke.cz\/cs_CZ\/wp-json\/wp\/v2\/pages\/244"}],"wp:attachment":[{"href":"http:\/\/cke.cz\/cs_CZ\/wp-json\/wp\/v2\/media?parent=1284"}],"curies":[{"name":"wp","href":"https:\/\/api.w.org\/{rel}","templated":true}]}}