{"id":1246,"date":"2017-08-01T09:48:04","date_gmt":"2017-08-01T07:48:04","guid":{"rendered":"http:\/\/cke.cz\/?page_id=1246"},"modified":"2023-07-31T11:08:29","modified_gmt":"2023-07-31T09:08:29","slug":"field-experiments","status":"publish","type":"page","link":"http:\/\/cke.cz\/cs_CZ\/gallery\/research\/field-experiments\/","title":{"rendered":"Ter\u00e9nn\u00ed v\u00fdzkum"},"content":{"rendered":"<h2><a href=\"https:\/\/cke.cz\/2023\/07\/31\/mapa-terenniho-vyzkumu-2023\/\">Mapa ter\u00e9nn\u00edho v\u00fdzkumu 2023<\/a><\/h2>\n<h2><a href=\"http:\/\/cke.cz\/2021\/11\/12\/vyzkum-v-doupovskych-horach-2021\/\">V\u00fdzkum v Doupovsk\u00fdch hor\u00e1ch 2021<\/a><\/h2>\n<h2><a href=\"http:\/\/cke.cz\/2020\/03\/05\/alpy-zima-2020\/\">V\u00fdzkum v Alp\u00e1ch &#8211; zima 2020<\/a><\/h2>\n<h2><a href=\"http:\/\/cke.cz\/cs_CZ\/2019\/12\/06\/field-experiments-doupov-mountains-2019\/\">V\u00fdzkum v Doupovsk\u00fdch hor\u00e1ch 2019<\/a><\/h2>\n<h2><a href=\"http:\/\/cke.cz\/cs_CZ\/2019\/12\/06\/terenni-vyzkum-alpy-2018\/\">V\u00fdzkum v Alp\u00e1ch 2018<\/a><\/h2>\n<h2><a href=\"http:\/\/cke.cz\/cs_CZ\/2018\/10\/14\/field-experiments-2018-doupovske-hory\/\">Ter\u00e9nn\u00ed v\u00fdzkum 2018 &#8211; Doupovsk\u00e9 hory<\/a><\/h2>\n<h2><a href=\"http:\/\/cke.cz\/cs_CZ\/2018\/10\/14\/bird-nestboxes-2018\/\">Budky 2018<\/a><\/h2>\n<h2><a href=\"http:\/\/cke.cz\/cs_CZ\/2018\/10\/14\/collecting-bird-feces-for-parasite-analyses-in-croatia-2018\/\">Sb\u011br pta\u010d\u00edch v\u00fdkal\u016f pro anal\u00fdzu parazit\u016f, Chorvatsko 2018<\/a><\/h2>\n<h2><a href=\"http:\/\/cke.cz\/cs_CZ\/2017\/08\/07\/research-in-the-alps\/\">V\u00fdzkum v Alp\u00e1ch<\/a><\/h2>\n<h2><a href=\"http:\/\/cke.cz\/cs_CZ\/2017\/07\/25\/research-in-svalbard\/\">V\u00fdzkum na Svalbardu<\/a><\/h2>\n<h2><a href=\"http:\/\/cke.cz\/cs_CZ\/2017\/07\/26\/research-on-shrikes\/\">V\u00fdzkum na \u0165uh\u00fdc\u00edch<\/a><\/h2>\n<h2><a href=\"http:\/\/cke.cz\/cs_CZ\/2017\/07\/24\/field-experiments-2017-doupovske-hory\/\">Ter\u00e9n 2017 &#8211; Doupovsk\u00e9 hory<\/a><\/h2>\n<h2><a href=\"http:\/\/cke.cz\/cs_CZ\/2017\/07\/24\/a-tv-report-about-our-research-on-shrikes-2016-in-czech\/\">Report\u00e1\u017e Jiho\u010desk\u00e9 televize o na\u0161em v\u00fdzkumu na \u0165uh\u00fdc\u00edch 2016<\/a><\/h2>\n<h2><a href=\"http:\/\/cke.cz\/cs_CZ\/2017\/07\/25\/field-experiments-2015-doupovske-hory\/\">Ter\u00e9n 2015 &#8211; Doupovsk\u00e9 hory<\/a><\/h2>\n","protected":false},"excerpt":{"rendered":"<h2><a href=\"https:\/\/cke.cz\/2023\/07\/31\/mapa-terenniho-vyzkumu-2023\/\">Mapa ter\u00e9nn\u00edho v\u00fdzkumu 2023<\/a><\/h2>\n<h2><a href=\"http:\/\/cke.cz\/2021\/11\/12\/vyzkum-v-doupovskych-horach-2021\/\">V\u00fdzkum v Doupovsk\u00fdch hor\u00e1ch 2021<\/a><\/h2>\n<h2><a href=\"http:\/\/cke.cz\/...\n<\/p>\n","protected":false},"author":1,"featured_media":0,"parent":98,"menu_order":0,"comment_status":"closed","ping_status":"closed","template":"sidebar-page.php","meta":{"footnotes":""},"_links":{"self":[{"href":"http:\/\/cke.cz\/cs_CZ\/wp-json\/wp\/v2\/pages\/1246"}],"collection":[{"href":"http:\/\/cke.cz\/cs_CZ\/wp-json\/wp\/v2\/pages"}],"about":[{"href":"http:\/\/cke.cz\/cs_CZ\/wp-json\/wp\/v2\/types\/page"}],"author":[{"embeddable":true,"href":"http:\/\/cke.cz\/cs_CZ\/wp-json\/wp\/v2\/users\/1"}],"replies":[{"embeddable":true,"href":"http:\/\/cke.cz\/cs_CZ\/wp-json\/wp\/v2\/comments?post=1246"}],"version-history":[{"count":28,"href":"http:\/\/cke.cz\/cs_CZ\/wp-json\/wp\/v2\/pages\/1246\/revisions"}],"predecessor-version":[{"id":2972,"href":"http:\/\/cke.cz\/cs_CZ\/wp-json\/wp\/v2\/pages\/1246\/revisions\/2972"}],"up":[{"embeddable":true,"href":"http:\/\/cke.cz\/cs_CZ\/wp-json\/wp\/v2\/pages\/98"}],"wp:attachment":[{"href":"http:\/\/cke.cz\/cs_CZ\/wp-json\/wp\/v2\/media?parent=1246"}],"curies":[{"name":"wp","href":"https:\/\/api.w.org\/{rel}","templated":true}]}}