{"id":1242,"date":"2017-08-01T09:47:05","date_gmt":"2017-08-01T07:47:05","guid":{"rendered":"http:\/\/cke.cz\/?page_id=1242"},"modified":"2017-09-13T08:27:37","modified_gmt":"2017-09-13T06:27:37","slug":"lab-experiments","status":"publish","type":"page","link":"http:\/\/cke.cz\/cs_CZ\/gallery\/research\/lab-experiments\/","title":{"rendered":"V\u00fdzkum v laborato\u0159i"},"content":{"rendered":"<h2><a href=\"http:\/\/cke.cz\/cs_CZ\/2017\/08\/07\/predator-recognition-experimental-setup\/\">V\u00fdzkum rozpozn\u00e1v\u00e1n\u00ed pred\u00e1tor\u016f<\/a><\/h2>\n<h2><a href=\"http:\/\/cke.cz\/cs_CZ\/2017\/09\/13\/prey-recognition-research\/\">V\u00fdzkum rozpozn\u00e1v\u00e1n\u00ed ko\u0159isti<\/a><\/h2>\n","protected":false},"excerpt":{"rendered":"<h2><a href=\"http:\/\/cke.cz\/cs_CZ\/2017\/08\/07\/predator-recognition-experimental-setup\/\">V\u00fdzkum rozpozn\u00e1v\u00e1n\u00ed pred\u00e1tor\u016f<\/a><\/h2>\n<h2><a href=\"http:\/\/cke.cz\/cs_CZ\/2017\/09\/13\/prey-recognition-research\/\">V\u00fdzkum rozpozn\u00e1v\u00e1n\u00ed ko\u0159isti<\/a><\/h2>\n<p>&#8230;<\/p>\n","protected":false},"author":1,"featured_media":0,"parent":98,"menu_order":0,"comment_status":"closed","ping_status":"closed","template":"sidebar-page.php","meta":{"footnotes":""},"_links":{"self":[{"href":"http:\/\/cke.cz\/cs_CZ\/wp-json\/wp\/v2\/pages\/1242"}],"collection":[{"href":"http:\/\/cke.cz\/cs_CZ\/wp-json\/wp\/v2\/pages"}],"about":[{"href":"http:\/\/cke.cz\/cs_CZ\/wp-json\/wp\/v2\/types\/page"}],"author":[{"embeddable":true,"href":"http:\/\/cke.cz\/cs_CZ\/wp-json\/wp\/v2\/users\/1"}],"replies":[{"embeddable":true,"href":"http:\/\/cke.cz\/cs_CZ\/wp-json\/wp\/v2\/comments?post=1242"}],"version-history":[{"count":14,"href":"http:\/\/cke.cz\/cs_CZ\/wp-json\/wp\/v2\/pages\/1242\/revisions"}],"predecessor-version":[{"id":1480,"href":"http:\/\/cke.cz\/cs_CZ\/wp-json\/wp\/v2\/pages\/1242\/revisions\/1480"}],"up":[{"embeddable":true,"href":"http:\/\/cke.cz\/cs_CZ\/wp-json\/wp\/v2\/pages\/98"}],"wp:attachment":[{"href":"http:\/\/cke.cz\/cs_CZ\/wp-json\/wp\/v2\/media?parent=1242"}],"curies":[{"name":"wp","href":"https:\/\/api.w.org\/{rel}","templated":true}]}}