{"id":103,"date":"2017-05-15T19:34:19","date_gmt":"2017-05-15T17:34:19","guid":{"rendered":"http:\/\/cke.cz\/domains\/cke.cz\/?page_id=103"},"modified":"2021-11-12T19:23:23","modified_gmt":"2021-11-12T18:23:23","slug":"contact","status":"publish","type":"page","link":"http:\/\/cke.cz\/cs_CZ\/contact\/","title":{"rendered":"Kontakt"},"content":{"rendered":"<h2>Vedouc\u00ed skupiny<\/h2>\n<p><a href=\"mailto:fuchs@prf.jcu.cz\">doc. RNDr. Roman Fuchs, CSc.<\/a><\/p>\n<p style=\"padding-left: 30px;\">Katedra zoologie Kancel\u00e1\u0159 B264 P\u0159\u00edrodov\u011bdeck\u00e1 fakulta JU Brani\u0161ovsk\u00e1 31c \u010cesk\u00e9 Bud\u011bjovice 370 05<\/p>\n<h2>HLAVN\u00cd KONTAKT<\/h2>\n<p><a href=\"mailto:petr-vesely@seznam.cz\">RNDr. Petr Vesel\u00fd, PhD.<\/a> +420 387 772 241<\/p>\n<p style=\"padding-left: 30px;\">Katedra zoologie Kancel\u00e1\u0159 B263c P\u0159\u00edrodov\u011bdeck\u00e1 fakulta JU Brani\u0161ovsk\u00e1 31c \u010cesk\u00e9 Bud\u011bjovice 370 05<\/p>\n<hr \/>\n<h3>Webmaster<\/h3>\n<p><a href=\"mailto:ondra.fis@seznam.cz\">Mgr. Ond\u0159ej Fi\u0161er<\/a><\/p>\n<p><a href=\"mailto:drabkova.tereza@gmail.com\">Mgr. et Mgr. Tereza Soukupov\u00e1 (Dr\u00e1bkov\u00e1)<\/a><\/p>\n","protected":false},"excerpt":{"rendered":"<h2>Vedouc\u00ed skupiny<\/h2>\n<p><a href=\"mailto:fuchs@prf.jcu.cz\">doc. RNDr. Roman Fuchs, CSc.<\/a><\/p>\n<p style=\"padding-left: 30px;\">Katedra zoologie Kancel\u00e1\u0159 B264 P\u0159\u00edrodov\u011bdeck\u00e1 fakulta JU Brani\u0161ovsk\u00e1 31c \u010cesk\u00e9 Bud\u011bjovice 370 05<\/p>\n<h2>HLAVN\u00cd KONTAKT<\/h...\n<\/p>\n","protected":false},"author":1,"featured_media":0,"parent":0,"menu_order":6,"comment_status":"closed","ping_status":"closed","template":"sidebar-page.php","meta":{"footnotes":""},"_links":{"self":[{"href":"http:\/\/cke.cz\/cs_CZ\/wp-json\/wp\/v2\/pages\/103"}],"collection":[{"href":"http:\/\/cke.cz\/cs_CZ\/wp-json\/wp\/v2\/pages"}],"about":[{"href":"http:\/\/cke.cz\/cs_CZ\/wp-json\/wp\/v2\/types\/page"}],"author":[{"embeddable":true,"href":"http:\/\/cke.cz\/cs_CZ\/wp-json\/wp\/v2\/users\/1"}],"replies":[{"embeddable":true,"href":"http:\/\/cke.cz\/cs_CZ\/wp-json\/wp\/v2\/comments?post=103"}],"version-history":[{"count":19,"href":"http:\/\/cke.cz\/cs_CZ\/wp-json\/wp\/v2\/pages\/103\/revisions"}],"predecessor-version":[{"id":2602,"href":"http:\/\/cke.cz\/cs_CZ\/wp-json\/wp\/v2\/pages\/103\/revisions\/2602"}],"wp:attachment":[{"href":"http:\/\/cke.cz\/cs_CZ\/wp-json\/wp\/v2\/media?parent=103"}],"curies":[{"name":"wp","href":"https:\/\/api.w.org\/{rel}","templated":true}]}}